{"id":100,"date":"2022-01-24T10:17:23","date_gmt":"2022-01-24T10:17:23","guid":{"rendered":"http:\/\/haliborange.test\/?page_id=100"},"modified":"2023-12-11T07:56:38","modified_gmt":"2023-12-11T07:56:38","slug":"get-in-touch","status":"publish","type":"page","link":"https:\/\/www.haliborange.com\/tr\/get-in-touch\/","title":{"rendered":"\u0130leti\u015fim"},"content":{"rendered":"\n \n         \n        <!-- Homepage \/ About hero -->\n        <section class=\"relative\" >\n\n            <div class=\"w-full\">\n                <div class=\"text-center px-2 sm:px-6 lg:px-12 mx-auto max-w-2xl md:-mb-12 lg:-mb-24 xl:mb-[-7rem]\">\n                    <img decoding=\"async\" \n                        class=\"hidden md:block mx-auto md:w-64 -mt-4\" \n                        src=\"https:\/\/www.haliborange.com\/app\/themes\/haliborange\/assets\/logo.png\" \n                        width=\"340\" \n                        height=\"210\" \n                        alt=\"Logo\" \n                        loading=\"lazy\"\n                    >\n                                            <h1 class=\"hidden lg:block font-extrabold font-kabrio leading-tight text-3xl\"  style=\"color: #FFFFFF\" >\n                            \u0130leti\u015fim Formu                        <\/h1>\n                        <h1 class=\"lg:hidden font-extrabold font-kabrio leading-tight text-2xl sm:text-3xl\"  style=\"color: #111C4E\" >\n                            \u0130leti\u015fim Formu                        <\/h1>\n                                    <\/div>\n            <\/div>\n\n            \n            <svg class=\"relative -bottom-px\" viewBox=\"0 0 1199.94 213.46\">\n                <use xlink:href=\"https:\/\/www.haliborange.com\/app\/themes\/haliborange\/assets\/svgs\/svgs.svg#smile\"><\/use>\n            <\/svg>\n\n        <\/section>\n    \n    \n    \n\n\n\n\n    <section class=\"max-w-6xl mx-auto px-4 sm:px-6 lg:px-7 py-4\">\n        \n        <div class=\"grid lg:grid-cols-3 gap-x-20\">\n            \n            <div class=\"lg:col-span-2\">\n                                    <h2 class=\"hidden lg:block font-poppins text-2xl font-semibold text-orange-base leading-none pb-4\">\n                        Bizimle \u0130leti\u015fime Ge\u00e7in                    <\/h2>\n                    \n                                    \n<div class=\"wpcf7 no-js\" id=\"wpcf7-f642-o1\" lang=\"en-GB\" dir=\"ltr\">\n<div class=\"screen-reader-response\"><p role=\"status\" aria-live=\"polite\" aria-atomic=\"true\"><\/p> <ul><\/ul><\/div>\n<form action=\"\/tr\/wp-json\/wp\/v2\/pages\/100#wpcf7-f642-o1\" method=\"post\" class=\"wpcf7-form init\" aria-label=\"Contact form\" novalidate=\"novalidate\" data-status=\"init\">\n<div style=\"display: none;\">\n<input type=\"hidden\" name=\"_wpcf7\" value=\"642\" \/>\n<input type=\"hidden\" name=\"_wpcf7_version\" value=\"5.9.8\" \/>\n<input type=\"hidden\" name=\"_wpcf7_locale\" value=\"en_GB\" \/>\n<input type=\"hidden\" name=\"_wpcf7_unit_tag\" value=\"wpcf7-f642-o1\" \/>\n<input type=\"hidden\" name=\"_wpcf7_container_post\" value=\"0\" \/>\n<input type=\"hidden\" name=\"_wpcf7_posted_data_hash\" value=\"\" \/>\n<\/div>\n<p><span class=\"wpcf7-form-control-wrap\" data-name=\"your-name\"><input size=\"40\" maxlength=\"400\" class=\"wpcf7-form-control wpcf7-text wpcf7-validates-as-required form-input\" aria-required=\"true\" aria-invalid=\"false\" placeholder=\"Ad\u0131n\u0131z ve Soyad\u0131n\u0131z\" value=\"\" type=\"text\" name=\"your-name\" \/><\/span>\n<\/p>\n<p><span class=\"wpcf7-form-control-wrap\" data-name=\"your-email\"><input size=\"40\" maxlength=\"400\" class=\"wpcf7-form-control wpcf7-email wpcf7-validates-as-required wpcf7-text wpcf7-validates-as-email form-input\" aria-required=\"true\" aria-invalid=\"false\" placeholder=\"E-mail\" value=\"\" type=\"email\" name=\"your-email\" \/><\/span>\n<\/p>\n<p><span class=\"wpcf7-form-control-wrap\" data-name=\"your-message\"><textarea cols=\"40\" rows=\"7\" maxlength=\"2000\" class=\"wpcf7-form-control wpcf7-textarea form-textarea\" aria-invalid=\"false\" placeholder=\"Mesaj\u0131n\u0131z:\" name=\"your-message\"><\/textarea><\/span>\n<\/p>\n<p><input class=\"wpcf7-form-control wpcf7-submit has-spinner form-submit\" type=\"submit\" value=\"G\u00f6nder\" \/>\n<\/p><div class=\"wpcf7-response-output\" aria-hidden=\"true\"><\/div>\n<\/form>\n<\/div>\n                            <\/div>\n\n            <div class=\"pt-8\">\n                                    <div class=\"prose prose-p:text-lg pb-8 lg:pr-10\">\n                        <p>Maslak Mah. Sanatkarlar Sok. Eclipse Maslak Sit. No: 2 D\/20 Sar\u0131yer\/\u0130stanbul<\/p>\n<p>&nbsp;<\/p>\n<h3 class=\"fs-20 mb-3\">Telefon &amp; Faks<\/h3>\n<h3 class=\"fs-20 mb-3\">0 (212) 274 40 46<\/h3>\n<h3 class=\"fs-20 mb-3\">0 (212) 274 40 47<\/h3>\n<p><span style=\"color: #111c4e\"><strong>E-posta:<br \/>\n<\/strong><\/span><strong>info@ihealth.com.tr<\/strong><\/p>\n<p>&nbsp;<\/p>\n                    <\/div>\n                                <div class=\"flex items-center gap-x-4\">\n                    <img decoding=\"async\" \n                        class=\"w-20 h-20 lg:w-24 lg:h-24\"\n                        src=\"https:\/\/www.haliborange.com\/app\/themes\/haliborange\/assets\/orange-character.png\" \n                        width=\"100\"\n                        height=\"100\"\n                        alt=\"Orange Character\"\n                        loading=\"lazy\"\n                    >\n                                            <p class=\"font-kabrio text-orange-base text-2xl font-semibold leading-tight\">\n                            Sosyal Medyada Bizi Takip Etmeyi Unutmay\u0131n                        <\/p>\n                                    <\/div>\n            <\/div>\n\n        <\/div>\n    \n    <\/section>\n\n","protected":false},"excerpt":{"rendered":"","protected":false},"author":1,"featured_media":0,"parent":0,"menu_order":0,"comment_status":"closed","ping_status":"closed","template":"","meta":{"_acf_changed":false,"footnotes":""},"acf":[],"yoast_head":"<!-- This site is optimized with the Yoast SEO plugin v21.9.1 - https:\/\/yoast.com\/wordpress\/plugins\/seo\/ -->\n<title>\u0130leti\u015fim - Haliborange - Turkey<\/title>\n<meta name=\"robots\" content=\"index, follow, max-snippet:-1, max-image-preview:large, max-video-preview:-1\" \/>\n<link rel=\"canonical\" href=\"https:\/\/www.haliborange.com\/tr\/get-in-touch\/\" \/>\n<meta property=\"og:locale\" content=\"en_GB\" \/>\n<meta property=\"og:type\" content=\"article\" \/>\n<meta property=\"og:title\" content=\"\u0130leti\u015fim - Haliborange - Turkey\" \/>\n<meta property=\"og:url\" content=\"https:\/\/www.haliborange.com\/tr\/get-in-touch\/\" \/>\n<meta property=\"og:site_name\" content=\"Haliborange - Turkey\" \/>\n<meta property=\"article:modified_time\" content=\"2023-12-11T07:56:38+00:00\" \/>\n<meta name=\"twitter:card\" content=\"summary_large_image\" \/>\n<script type=\"application\/ld+json\" class=\"yoast-schema-graph\">{\"@context\":\"https:\/\/schema.org\",\"@graph\":[{\"@type\":\"WebPage\",\"@id\":\"https:\/\/www.haliborange.com\/tr\/get-in-touch\/\",\"url\":\"https:\/\/www.haliborange.com\/tr\/get-in-touch\/\",\"name\":\"\u0130leti\u015fim - Haliborange - Turkey\",\"isPartOf\":{\"@id\":\"https:\/\/www.haliborange.com\/tr\/#website\"},\"datePublished\":\"2022-01-24T10:17:23+00:00\",\"dateModified\":\"2023-12-11T07:56:38+00:00\",\"breadcrumb\":{\"@id\":\"https:\/\/www.haliborange.com\/tr\/get-in-touch\/#breadcrumb\"},\"inLanguage\":\"en-GB\",\"potentialAction\":[{\"@type\":\"ReadAction\",\"target\":[\"https:\/\/www.haliborange.com\/tr\/get-in-touch\/\"]}]},{\"@type\":\"BreadcrumbList\",\"@id\":\"https:\/\/www.haliborange.com\/tr\/get-in-touch\/#breadcrumb\",\"itemListElement\":[{\"@type\":\"ListItem\",\"position\":1,\"name\":\"Home\",\"item\":\"https:\/\/www.haliborange.com\/tr\/\"},{\"@type\":\"ListItem\",\"position\":2,\"name\":\"\u0130leti\u015fim\"}]},{\"@type\":\"WebSite\",\"@id\":\"https:\/\/www.haliborange.com\/tr\/#website\",\"url\":\"https:\/\/www.haliborange.com\/tr\/\",\"name\":\"Haliborange - Turkey\",\"description\":\"Just another WordPress site\",\"potentialAction\":[{\"@type\":\"SearchAction\",\"target\":{\"@type\":\"EntryPoint\",\"urlTemplate\":\"https:\/\/www.haliborange.com\/tr\/?s={search_term_string}\"},\"query-input\":\"required name=search_term_string\"}],\"inLanguage\":\"en-GB\"}]}<\/script>\n<!-- \/ Yoast SEO plugin. -->","yoast_head_json":{"title":"\u0130leti\u015fim - Haliborange - Turkey","robots":{"index":"index","follow":"follow","max-snippet":"max-snippet:-1","max-image-preview":"max-image-preview:large","max-video-preview":"max-video-preview:-1"},"canonical":"https:\/\/www.haliborange.com\/tr\/get-in-touch\/","og_locale":"en_GB","og_type":"article","og_title":"\u0130leti\u015fim - Haliborange - Turkey","og_url":"https:\/\/www.haliborange.com\/tr\/get-in-touch\/","og_site_name":"Haliborange - Turkey","article_modified_time":"2023-12-11T07:56:38+00:00","twitter_card":"summary_large_image","schema":{"@context":"https:\/\/schema.org","@graph":[{"@type":"WebPage","@id":"https:\/\/www.haliborange.com\/tr\/get-in-touch\/","url":"https:\/\/www.haliborange.com\/tr\/get-in-touch\/","name":"\u0130leti\u015fim - Haliborange - Turkey","isPartOf":{"@id":"https:\/\/www.haliborange.com\/tr\/#website"},"datePublished":"2022-01-24T10:17:23+00:00","dateModified":"2023-12-11T07:56:38+00:00","breadcrumb":{"@id":"https:\/\/www.haliborange.com\/tr\/get-in-touch\/#breadcrumb"},"inLanguage":"en-GB","potentialAction":[{"@type":"ReadAction","target":["https:\/\/www.haliborange.com\/tr\/get-in-touch\/"]}]},{"@type":"BreadcrumbList","@id":"https:\/\/www.haliborange.com\/tr\/get-in-touch\/#breadcrumb","itemListElement":[{"@type":"ListItem","position":1,"name":"Home","item":"https:\/\/www.haliborange.com\/tr\/"},{"@type":"ListItem","position":2,"name":"\u0130leti\u015fim"}]},{"@type":"WebSite","@id":"https:\/\/www.haliborange.com\/tr\/#website","url":"https:\/\/www.haliborange.com\/tr\/","name":"Haliborange - Turkey","description":"Just another WordPress site","potentialAction":[{"@type":"SearchAction","target":{"@type":"EntryPoint","urlTemplate":"https:\/\/www.haliborange.com\/tr\/?s={search_term_string}"},"query-input":"required name=search_term_string"}],"inLanguage":"en-GB"}]}},"_links":{"self":[{"href":"https:\/\/www.haliborange.com\/tr\/wp-json\/wp\/v2\/pages\/100"}],"collection":[{"href":"https:\/\/www.haliborange.com\/tr\/wp-json\/wp\/v2\/pages"}],"about":[{"href":"https:\/\/www.haliborange.com\/tr\/wp-json\/wp\/v2\/types\/page"}],"author":[{"embeddable":true,"href":"https:\/\/www.haliborange.com\/tr\/wp-json\/wp\/v2\/users\/1"}],"replies":[{"embeddable":true,"href":"https:\/\/www.haliborange.com\/tr\/wp-json\/wp\/v2\/comments?post=100"}],"version-history":[{"count":51,"href":"https:\/\/www.haliborange.com\/tr\/wp-json\/wp\/v2\/pages\/100\/revisions"}],"predecessor-version":[{"id":2229,"href":"https:\/\/www.haliborange.com\/tr\/wp-json\/wp\/v2\/pages\/100\/revisions\/2229"}],"wp:attachment":[{"href":"https:\/\/www.haliborange.com\/tr\/wp-json\/wp\/v2\/media?parent=100"}],"curies":[{"name":"wp","href":"https:\/\/api.w.org\/{rel}","templated":true}]}}