{"id":2155,"date":"2023-10-25T09:05:09","date_gmt":"2023-10-25T08:05:09","guid":{"rendered":"https:\/\/www.haliborange.com\/tr\/?page_id=2155"},"modified":"2023-10-25T09:22:48","modified_gmt":"2023-10-25T08:22:48","slug":"gizlilik-politikasi","status":"publish","type":"page","link":"https:\/\/www.haliborange.com\/tr\/gizlilik-politikasi\/","title":{"rendered":"G\u0130ZL\u0130L\u0130K POL\u0130T\u0130KASI"},"content":{"rendered":"\n    <section class=\"py-6 lg:py-10\"  style=\"background-color: #fc5a3a;\" >\n\n        <div class=\"max-w-6xl mx-auto px-6 lg:px-12 prose prose-headings:font-kabrio prose-headings:font-bold prose-headings:prose-strong:font-extrabold \">\n            <h1><span style=\"color: #ffffff\">G\u0130ZL\u0130L\u0130K POL\u0130T\u0130KASI<\/span><\/h1>\n        <\/div>\n\n    <\/section> \n\n\n\n\n    <section class=\"py-6 lg:py-10\" >\n\n        <div class=\"max-w-6xl mx-auto px-6 lg:px-12 prose prose-headings:font-poppins prose-headings:font-semibold \">\n            <h3>PharmaCare (Europe) Limited and its related brands including Bioglan, Bioglan Superfoods, Fat Blaster, Haliborange, Menoflavon, Naturopathica, Real Health, Sambucol, Skin Doctors &amp; Promensil (together we, us, our and other similar expressions) are committed to protecting your personal privacy. This Privacy Notice tells you who we are, how we collect, store, use and disclose your personal information. Information is your \u2018personal information\u2019 if it is about you as an identified or identifiable individual. We encourage you to read this notice carefully so that you understand how we deal with that information.<\/h3>\n<p>&nbsp;<\/p>\n<h3><span style=\"color: #ff6600\">Our Privacy Principles<\/span><\/h3>\n<p>We are bound by the GDPR (General Data Protection Regulation). We have adopted internal policies and procedures to ensure that personal information that we collect, store, use and disclose is dealt with in accordance with the GDPR. You can see the full text of the GDPR online at\u00a0<a href=\"https:\/\/www.gov.uk\/government\/publications\/data-protection-law-eu-exit\">https:\/\/www.gov.uk\/government\/publications\/data-protection-law-eu-exit<\/a>\u00a0or alternatively visit the ICO\u2019s webpage for more information at\u00a0<a href=\"https:\/\/ico.org.uk\/for-organisations\/guide-to-data-protection\/guide-to-the-general-data-protection-regulation-gdpr\/\">https:\/\/ico.org.uk\/for-organisations\/guide-to-data-protection\/guide-to-the-general-data-protection-regulation-gdpr\/<\/a><\/p>\n<h3><span style=\"color: #ff6600\">Information we collect<\/span><\/h3>\n<p>In order to provide our customers and consumers with our products and services, we may collect and use personal information about them. If we are not provided with all the personal information we request, we may not be able to supply our products and services to you, and you or your organisation may not be able to participate in future offers of goods or services which we supply.<\/p>\n<p>The type of information we collect includes names, addresses, email addresses and other contact details. We may also collect additional details such as your age, gender, health, and lifestyle habits if you partake in marketing surveys and provide consent for us to collect and store this \u2018sensitive information\u2019. Where appropriate or we are required and able to do so, we will ask for your consent before collecting your sensitive information, and will take care to let you know the purpose and appropriate lawful basis being relied upon for the processing at the same time. You must be over 18 years old to take part in such surveys.<\/p>\n<p>However, credit card numbers are NOT stored in any form by us on any internal or external database \u2013 all transactions are completed through a secure payment gateway. We will retain your order information for 5 years.<\/p>\n<p>Our Payment Service Provider is Sage Pay (formerly Protx) \u2013 the largest independent payment service provider (PSP) in the UK and Ireland. Sage Pay provides a secure payment gateway (Level 1 PCI DSS), processing payments for thousands of online businesses, including ours. It is Sage Pay\u2019s utmost priority to ensure that transaction data is handled in a safe and secure way. Sage Pay uses a range secure methods such as fraud screening, I.P address blocking and 3D secure. Once on the Sage Pay systems, all sensitive data is secured using the same internationally recognised 256-bit encryption standards. Sage Pay is PCI DSS (Payment Card Industry Data Security Standard) compliant to the highest level and maintains regular security audits. They are also regularly audited by the banks and banking authorities to ensure that their systems are impenetrable. Sage Pay is an active member of the PCI Security Standards Council (PCI SSC) that defines card industry global regulation. In addition, you know that your session is in a secure encrypted environment when you see https:\/\/ in the web address, and\/or when you see the locked padlock symbol alongside the URL. So when buying through our sites, you can be sure that you are completely protected.<br \/>\nHow we collect personal information<\/p>\n<p>Generally, we collect your personal information directly from you. For example, we may collect information from you when you register an account on our website or sign up to our email marketing database, or when you provide us with information, whether in person, by telephone, online or in writing. If you submit an order (including by telephone or online), we will collect information necessary to fulfil that order.<\/p>\n<h3><span style=\"color: #ff6600\">How we store personal information<\/span><\/h3>\n<p>We take all reasonable steps to keep secure any personal information which we hold about you and to protect your personal information from loss, misuse or unauthorised alteration. Any personal information you provide to us is stored on secure servers. We also maintain physical security procedures to manage and protect the use and storage of records containing personal information.<\/p>\n<p>Our employees are obliged and trained to respect the confidentiality of any personal information held by us.<\/p>\n<p>To help us protect your privacy, you should maintain the secrecy of the user names and passwords you use to access and use our websites.<\/p>\n<p>We are not responsible or liable for the security of data sent via the internet.<\/p>\n<h3><span style=\"color: #ff6600\">Purpose of collection<\/span><\/h3>\n<p>We collect, hold and muse personal information so we can:<\/p>\n<p>\u2022 meet our legal obligations;<br \/>\n\u2022 identify our customers, potential customers and their representatives as well as the consumers of our products;<br \/>\n\u2022 provide our products and services;<br \/>\n\u2022 communicate with you;<br \/>\n\u2022 inform you about our products and services, the benefits of using our products and about offers or other benefits that may become available;<br \/>\n\u2022 seek your opinion or comments about our products and services;<br \/>\n\u2022 carry out billing and debt recovery activities;<br \/>\n\u2022 carry out our management, administrative, quality assurance and complaint handling activities in a professional and efficient manner;<br \/>\n\u2022 develop and implement initiatives to improve our products and services; and<br \/>\n\u2022 contact you to enable us to manage your account (if any) and fulfil our obligations to you or your organisation.<\/p>\n<p>PharmaCare (Europe) Limited is the controller of your personal information that you provide via this website, unless otherwise stated.<\/p>\n<h3><span style=\"color: #ff6600\">Lawful basis<\/span><\/h3>\n<p>Data controllers must define their lawful justifications for processing personal information. Where PharmaCare (Europe) Limited act as data controllers, the lawful basis for processing are either:<\/p>\n<p>Consent: the individual has given clear consent for PharmaCare (Europe) Ltd to process their personal data for a specific purpose.<\/p>\n<p>Contract: the processing is necessary for a contract PharmaCare (Europe) Ltd have with the individual, client or organisation in the provision of a contract, or because they have asked PharmaCare (Europe) Ltd to take specific steps before entering into a contract.<\/p>\n<p>Legal obligation: the processing is necessary for PharmaCare (Europe) Ltd to comply with the law (this applies to additional regulation, such as HMRC guidance). Where PharmaCare (Europe) Ltd are data processors acting on written instructions of a data controller that is relying on a \u2018legal obligation\u2019 basis, PharmaCare (Europe) Ltd will verify the data controller has confirmed this lawful basis for processing before completing any activity on the controller\u2019s behalf.<\/p>\n<p>Legitimate Interests: the processing is necessary for PharmaCare (Europe) Limited\u2019s legitimate interests, or the legitimate interests of a third party, unless there is a good reason to protect the individual\u2019s personal data which overrides those legitimate interests.<\/p>\n<h3><span style=\"color: #ff6600\">Disclosure<\/span><\/h3>\n<p>We usually disclose the personal information we collect to our related entities, service providers and contractors that help us supply our products and services. For example, we may disclose the personal information we collect to our information technology providers (including database and cloud services providers), providers of marketing and promotional services, professional advisers such as legal practitioners and accountants, debt collectors and insurers.<\/p>\n<p>Except as indicated above, we will not disclose your personal information to a third party unless:<\/p>\n<p>\u2022 you have consented to the disclosure;<br \/>\n\u2022 the third party is our service provider or contractor, in which case we will contract with them to use and disclose the personal information only for the purpose for which it was provided to them and\/or under our instructions;<br \/>\n\u2022 the third party is a person involved in a dealing or proposed dealing (including a sale) of all or part of our assets and business;<br \/>\n\u2022 the disclosure is permitted, required or authorised by or under law.<\/p>\n<h3><span style=\"color: #ff6600\">Marketing<\/span><\/h3>\n<p>In some circumstances we may use personal information to advise you of new products and marketing initiatives that we think may be of interest to you. This could include product or service offerings, newsletters and general information about us.<\/p>\n<p>When we plan or propose to market to you, we will do so within the law, either seeking your informed consent, or, where you create a customer account or order goods or services from us, under permitted \u2018soft opt-in\u2019 rules. If you prefer not to receive information about our products and services, you will either be able to decline our marketing up front, or you can ask at any later point to be removed from the relevant circulation list by contacting us using the contact details listed below or follow the unsubscribe link at the bottom of all our marketing emails.<\/p>\n<p>We will never disclose personal information to a third party for the purpose of allowing them to direct market their products or services to you, unless you have first expressly consented to that disclosure.<\/p>\n<p>We may contact you from time to time for market research purposes, as this is an important part of our continuing product and service development. We may contact you by email, phone or mail, and could also use the information we collect from you to customise our websites according to your interests.<\/p>\n<h3><span style=\"color: #ff6600\">Access, quality and correction<\/span><\/h3>\n<p>If at any time you want to know what personal information we hold about you, you are welcome to request access to that information by contacting us via the contact details listed below.<\/p>\n<p>We always try to make sure that the information we hold about you is accurate, complete and up-to-date. If at any time you believe the personal information that we hold about you is incomplete or inaccurate, please let us know by contacting us at the contact details listed below. We will then use all reasonable efforts to correct the information as quickly as possible.<br \/>\nWebsites and cookies<\/p>\n<p>To ensure we are meeting the needs and wants of our website users, and to develop our online services, we collect aggregated information by using cookies or similar electronic tools.<\/p>\n<p>Cookies are unique identification numbers like tags that are placed on the browser of our website users. These cookies are used to retain login and location information in order to make your experiences more convenient and personal. No other business or organisation has access to our cookies.<\/p>\n<p>We use traffic log cookies to identify which pages are being used. This helps us analyse data about web page traffic and improve our website in order to tailor it to customer needs. We only use this information for statistical analysis purposes and then the data is removed from the system.<\/p>\n<p>Overall, cookies help us provide you with a better website, by enabling us to monitor which pages you find useful and which you do not. A cookie in no way gives us access to your computer or any information about you, other than the data you choose to share with us. You can choose to accept or decline cookies. Most web browsers automatically accept cookies, but you can usually modify your browser setting to decline cookies if you prefer. This may prevent you from taking full advantage of the website.<\/p>\n<p>We do not use this technology to access your personal information in our records. You can find out more about the way cookies work on\u00a0<a href=\"http:\/\/www.cookiecentral.com\/\">www.cookiecentral.com<\/a>\u00a0and\u00a0<a href=\"https:\/\/www.allaboutcookies.org\/\">www.allaboutcookies.org<\/a>.<\/p>\n<h3><span style=\"color: #ff6600\">Changes to this notice<\/span><\/h3>\n<p>As our business evolves, our business processes and policies will be reviewed and may be amended. We may change this policy at any time. We will notify you of any change by posting an updated version of the policy on our website. Please be aware that it is your responsibility to check our website and make sure you keep up-to-date with any changes to this policy.<\/p>\n<h3><span style=\"color: #ff6600\">Complaints<\/span><\/h3>\n<p>We are committed to constantly improving our procedures so that your personal information is treated appropriately. If you feel that we have failed to deal with your personal information in accordance with this notice or GDPR, please contact us at the contact details listed below so we have an opportunity to resolve the issue to your satisfaction.<\/p>\n<p>Our privacy officer will:<\/p>\n<p>\u2022 listen to your concerns and grievances;<br \/>\n\u2022 discuss with you the ways in which we can remedy the situation; and<br \/>\n\u2022 put in place an action plan to resolve your complaint and improve our information handling procedures if appropriate.<\/p>\n<h3><span style=\"color: #ff6600\">Your data protection rights<\/span><\/h3>\n<p>Under data protection law, you have rights which are linked to the lawful bases we identify for data processing:<\/p>\n<p>\u2022 Your right of access \u2013 You have the right to ask us for copies of your personal information.<br \/>\n\u2022 Your right to rectification \u2013 You have the right to ask us to rectify personal information you think is inaccurate. You also have the right to ask us to complete information you think is incomplete.<br \/>\n\u2022 Your right to erasure \u2013 You have the right to ask us to erase your personal information in certain circumstances.<br \/>\n\u2022 Your right to restriction of processing \u2013 You have the right to ask us to restrict the processing of your personal information in certain circumstances.<br \/>\n\u2022 Your right to object to processing \u2013 You have the right to object to the processing of your personal information in certain circumstances.<br \/>\n\u2022 Your right to data portability \u2013 You have the right to ask that we transfer the personal information you gave us to another organisation, or to you, in certain circumstances.<\/p>\n<p>You are not usually required to pay any charge for exercising your rights. If you make a request, we will endeavour to respond to you within one month, though we reserve the right to seek to extend this or charge reasonable fees (such as for registered post) within the remit of the law.<\/p>\n<p>See below for contact details if you wish to make a request.<\/p>\n<h3><span style=\"color: #ff6600\">Contact us<\/span><\/h3>\n<p>If you require more detailed information about how we deal with personal information or if you have any concerns about how we have dealt with your personal information, please let us know by contacting us at:<\/p>\n<p>PharmaCare Europe Ltd.<br \/>\nUnit 3, Dialog<br \/>\nFleming Way<br \/>\nCrawley<br \/>\nWest Sussex<br \/>\nRH10 9NQ<\/p>\n<p>Email:\u00a0<a href=\"mailto:dp@pharmacareeurope.com\">dp@pharmacareeurope.com<\/a><\/p>\n<p>Telephone:\u00a0<a href=\"tel:01293850210\">01293850210<\/a><\/p>\n<p>You can also complain to the ICO if you are unhappy with how we have used your data.<\/p>\n<p>The ICO\u2019s address:<\/p>\n<p>Information Commissioner\u2019s Office<br \/>\nWycliffe House<br \/>\nWater Lane<br \/>\nWilmslow<br \/>\nCheshire<br \/>\nSK9 5AF<\/p>\n<p>Helpline number:\u00a0<a href=\"tel:03031231113\">0303 123 1113<\/a><\/p>\n<p>ICO website:\u00a0<a href=\"https:\/\/www.ico.org.uk\/\">https:\/\/www.ico.org.uk<\/a><\/p>\n<h3><span style=\"color: #ff6600\">Privacy Officer<\/span><\/h3>\n<p>Email:\u00a0<a href=\"mailto:dp@pharmacareeurope.com\">dp@pharmacareeurope.com<\/a><\/p>\n<p>We will respond to your concerns as quickly as possible.<\/p>\n        <\/div>\n\n    <\/section> \n\n","protected":false},"excerpt":{"rendered":"","protected":false},"author":30,"featured_media":0,"parent":0,"menu_order":0,"comment_status":"closed","ping_status":"closed","template":"","meta":{"_acf_changed":false,"footnotes":""},"acf":[],"yoast_head":"<!-- This site is optimized with the Yoast SEO plugin v21.9.1 - https:\/\/yoast.com\/wordpress\/plugins\/seo\/ -->\n<title>G\u0130ZL\u0130L\u0130K POL\u0130T\u0130KASI - Haliborange - Turkey<\/title>\n<meta name=\"robots\" content=\"index, follow, max-snippet:-1, max-image-preview:large, max-video-preview:-1\" \/>\n<link rel=\"canonical\" href=\"https:\/\/www.haliborange.com\/tr\/gizlilik-politikasi\/\" \/>\n<meta property=\"og:locale\" content=\"en_GB\" \/>\n<meta property=\"og:type\" content=\"article\" \/>\n<meta property=\"og:title\" content=\"G\u0130ZL\u0130L\u0130K POL\u0130T\u0130KASI - Haliborange - Turkey\" \/>\n<meta property=\"og:url\" content=\"https:\/\/www.haliborange.com\/tr\/gizlilik-politikasi\/\" \/>\n<meta property=\"og:site_name\" content=\"Haliborange - Turkey\" \/>\n<meta property=\"article:modified_time\" content=\"2023-10-25T08:22:48+00:00\" \/>\n<meta name=\"twitter:card\" content=\"summary_large_image\" \/>\n<script type=\"application\/ld+json\" class=\"yoast-schema-graph\">{\"@context\":\"https:\/\/schema.org\",\"@graph\":[{\"@type\":\"WebPage\",\"@id\":\"https:\/\/www.haliborange.com\/tr\/gizlilik-politikasi\/\",\"url\":\"https:\/\/www.haliborange.com\/tr\/gizlilik-politikasi\/\",\"name\":\"G\u0130ZL\u0130L\u0130K POL\u0130T\u0130KASI - Haliborange - Turkey\",\"isPartOf\":{\"@id\":\"https:\/\/www.haliborange.com\/tr\/#website\"},\"datePublished\":\"2023-10-25T08:05:09+00:00\",\"dateModified\":\"2023-10-25T08:22:48+00:00\",\"breadcrumb\":{\"@id\":\"https:\/\/www.haliborange.com\/tr\/gizlilik-politikasi\/#breadcrumb\"},\"inLanguage\":\"en-GB\",\"potentialAction\":[{\"@type\":\"ReadAction\",\"target\":[\"https:\/\/www.haliborange.com\/tr\/gizlilik-politikasi\/\"]}]},{\"@type\":\"BreadcrumbList\",\"@id\":\"https:\/\/www.haliborange.com\/tr\/gizlilik-politikasi\/#breadcrumb\",\"itemListElement\":[{\"@type\":\"ListItem\",\"position\":1,\"name\":\"Home\",\"item\":\"https:\/\/www.haliborange.com\/tr\/\"},{\"@type\":\"ListItem\",\"position\":2,\"name\":\"G\u0130ZL\u0130L\u0130K POL\u0130T\u0130KASI\"}]},{\"@type\":\"WebSite\",\"@id\":\"https:\/\/www.haliborange.com\/tr\/#website\",\"url\":\"https:\/\/www.haliborange.com\/tr\/\",\"name\":\"Haliborange - Turkey\",\"description\":\"Just another WordPress site\",\"potentialAction\":[{\"@type\":\"SearchAction\",\"target\":{\"@type\":\"EntryPoint\",\"urlTemplate\":\"https:\/\/www.haliborange.com\/tr\/?s={search_term_string}\"},\"query-input\":\"required name=search_term_string\"}],\"inLanguage\":\"en-GB\"}]}<\/script>\n<!-- \/ Yoast SEO plugin. -->","yoast_head_json":{"title":"G\u0130ZL\u0130L\u0130K POL\u0130T\u0130KASI - Haliborange - Turkey","robots":{"index":"index","follow":"follow","max-snippet":"max-snippet:-1","max-image-preview":"max-image-preview:large","max-video-preview":"max-video-preview:-1"},"canonical":"https:\/\/www.haliborange.com\/tr\/gizlilik-politikasi\/","og_locale":"en_GB","og_type":"article","og_title":"G\u0130ZL\u0130L\u0130K POL\u0130T\u0130KASI - Haliborange - Turkey","og_url":"https:\/\/www.haliborange.com\/tr\/gizlilik-politikasi\/","og_site_name":"Haliborange - Turkey","article_modified_time":"2023-10-25T08:22:48+00:00","twitter_card":"summary_large_image","schema":{"@context":"https:\/\/schema.org","@graph":[{"@type":"WebPage","@id":"https:\/\/www.haliborange.com\/tr\/gizlilik-politikasi\/","url":"https:\/\/www.haliborange.com\/tr\/gizlilik-politikasi\/","name":"G\u0130ZL\u0130L\u0130K POL\u0130T\u0130KASI - Haliborange - Turkey","isPartOf":{"@id":"https:\/\/www.haliborange.com\/tr\/#website"},"datePublished":"2023-10-25T08:05:09+00:00","dateModified":"2023-10-25T08:22:48+00:00","breadcrumb":{"@id":"https:\/\/www.haliborange.com\/tr\/gizlilik-politikasi\/#breadcrumb"},"inLanguage":"en-GB","potentialAction":[{"@type":"ReadAction","target":["https:\/\/www.haliborange.com\/tr\/gizlilik-politikasi\/"]}]},{"@type":"BreadcrumbList","@id":"https:\/\/www.haliborange.com\/tr\/gizlilik-politikasi\/#breadcrumb","itemListElement":[{"@type":"ListItem","position":1,"name":"Home","item":"https:\/\/www.haliborange.com\/tr\/"},{"@type":"ListItem","position":2,"name":"G\u0130ZL\u0130L\u0130K POL\u0130T\u0130KASI"}]},{"@type":"WebSite","@id":"https:\/\/www.haliborange.com\/tr\/#website","url":"https:\/\/www.haliborange.com\/tr\/","name":"Haliborange - Turkey","description":"Just another WordPress site","potentialAction":[{"@type":"SearchAction","target":{"@type":"EntryPoint","urlTemplate":"https:\/\/www.haliborange.com\/tr\/?s={search_term_string}"},"query-input":"required name=search_term_string"}],"inLanguage":"en-GB"}]}},"_links":{"self":[{"href":"https:\/\/www.haliborange.com\/tr\/wp-json\/wp\/v2\/pages\/2155"}],"collection":[{"href":"https:\/\/www.haliborange.com\/tr\/wp-json\/wp\/v2\/pages"}],"about":[{"href":"https:\/\/www.haliborange.com\/tr\/wp-json\/wp\/v2\/types\/page"}],"author":[{"embeddable":true,"href":"https:\/\/www.haliborange.com\/tr\/wp-json\/wp\/v2\/users\/30"}],"replies":[{"embeddable":true,"href":"https:\/\/www.haliborange.com\/tr\/wp-json\/wp\/v2\/comments?post=2155"}],"version-history":[{"count":49,"href":"https:\/\/www.haliborange.com\/tr\/wp-json\/wp\/v2\/pages\/2155\/revisions"}],"predecessor-version":[{"id":2214,"href":"https:\/\/www.haliborange.com\/tr\/wp-json\/wp\/v2\/pages\/2155\/revisions\/2214"}],"wp:attachment":[{"href":"https:\/\/www.haliborange.com\/tr\/wp-json\/wp\/v2\/media?parent=2155"}],"curies":[{"name":"wp","href":"https:\/\/api.w.org\/{rel}","templated":true}]}}