{"id":57,"date":"2021-10-28T14:00:05","date_gmt":"2021-10-28T13:00:05","guid":{"rendered":"http:\/\/haliborange.test\/?page_id=57"},"modified":"2023-11-23T08:19:24","modified_gmt":"2023-11-23T08:19:24","slug":"cocuk","status":"publish","type":"page","link":"https:\/\/www.haliborange.com\/tr\/cocuk\/","title":{"rendered":"\u00c7OCUK"},"content":{"rendered":"\n \n        \n        <!-- Default, Kids, Adults hero -->\n        <section class=\"font-poppins\">\n            <div class=\"relative\">\n                                    <img decoding=\"async\" \n                        class=\"w-full object-contain hidden md:block\" \n                        src=\"https:\/\/hal-haliborange-production.s3.eu-west-2.amazonaws.com\/sites\/5\/2022\/03\/Header-kids-category-page.jpg\" \n                        width=\"2400\" \n                        height=\"1080\" \n                        alt=\"\" \n                        loading=\"lazy\"\n                    >\n                                                                    <img decoding=\"async\" \n                        class=\"md:hidden w-full object-contain\" \n                        src=\"https:\/\/hal-haliborange-production.s3.eu-west-2.amazonaws.com\/sites\/5\/2022\/03\/Header-kids-category-page-500x225.jpg\" \n                        width=\"2400\" \n                        height=\"1080\" \n                        alt=\"\" \n                        loading=\"lazy\"\n                    >\n                                                    <div class=\"absolute top-1\/3 w-5\/12 right-0 -translate-y-1\/3\">\n                        <div class=\"max-w-md text-white\">\n                                                            <h1 class=\"hidden lg:block text-5xl leading-none relative font-semibold\"  style=\"color: #ff4e00\" >\n                                    <span class=\"inline\">\u00c7ocuk<\/span>\n                                                                            <img decoding=\"async\" \n                                            class=\"w-14 inline\"\n                                            src=\"https:\/\/hal-haliborange-production.s3.eu-west-2.amazonaws.com\/sites\/5\/2022\/02\/dots.png\" \n                                            width=\"55\" \n                                            height=\"86\" \n                                            alt=\"\" \n                                            loading=\"lazy\"\n                                        >\n                                                                    <\/h1>\n                                <h1 class=\"lg:hidden text-2xl sm:text-4xl md:text-5xl leading-none relative pr-8 font-semibold block\"  style=\"color: #ff4e00\" >\n                                    <span class=\"inline\">\n                                        \u00c7ocuk                                    <\/span>\n                                                                            <img decoding=\"async\" \n                                            class=\"w-7 sm:w-10 inline\"\n                                            src=\"https:\/\/hal-haliborange-production.s3.eu-west-2.amazonaws.com\/sites\/5\/2022\/02\/dots.png\" \n                                            width=\"55\" \n                                            height=\"86\" \n                                            alt=\"\" \n                                            loading=\"lazy\"\n                                        >\n                                                                    <\/h1>\n                                                                                        <div class=\"hidden lg:block text-lg pt-8 pr-16\"  style=\"color: #f95f39\" >\n                                    <p><span style=\"vertical-align: inherit\"><span style=\"vertical-align: inherit\">\u0130ngiltere&#8217;nin 1 as\u0131rl\u0131k multivitamin markas\u0131 Haliborange, hem tad\u0131yla hem g\u00fc\u00e7l\u00fc form\u00fcl\u00fcyle \u00f6ne \u00e7\u0131kan birbirinden \u00f6zel 3 farkl\u0131 softies \u00fcr\u00fcn\u00fc ile her d\u00f6nem miniklerin yan\u0131nda!<\/span><\/span><\/p>\n                                <\/div>\n                                                    <\/div>\n                    <\/div>\n                                \n            <\/div>\n    \n            <div class=\"text-center lg:text-left lg:pt-0 lg:hidden  pt-6\">\n                                                                                                                    \n                                    <div class=\"text-lg lg:hidden px-6\"  style=\"color: #505050\" >\n                        <p><span style=\"vertical-align: inherit\"><span style=\"vertical-align: inherit\">\u0130ngiltere&#8217;nin 1 as\u0131rl\u0131k multivitamin markas\u0131 Haliborange, hem tad\u0131yla hem g\u00fc\u00e7l\u00fc form\u00fcl\u00fcyle \u00f6ne \u00e7\u0131kan birbirinden \u00f6zel 3 farkl\u0131 softies \u00fcr\u00fcn\u00fc ile her d\u00f6nem miniklerin yan\u0131nda!<\/span><\/span><\/p>\n                    <\/div>\n                            <\/div>\n    \n        <\/section>\n\n\n    \n\n\n\n<ul \n\tclass=\"mx-auto grid grid-cols-2 gap-2 lg:gap-4 products products-loop py-6 md:py-12 px-3 sm:px-4 \n\t\tkids-products \n\t\tmd:grid-cols-3 max-w-5xl\t\"\n>\n<li class=\"relative flex flex-col items-center shadow-none hover:shadow-lg duration-300 pb-6 product type-product post-1878 status-publish first instock product_cat-multivitaminler product_cat-teens has-post-thumbnail shipping-taxable product-type-simple\">\n\t<a href=\"https:\/\/www.haliborange.com\/tr\/product\/haliborange-cilek-aromali-kalsiyum-d-vitamini-softies\/\" class=\"woocommerce-LoopProduct-link woocommerce-loop-product__link\">\n<div class=\"relative w-full pt-6 lg:pt-8 mb-2 lg:mb-4\">\n\t\n\t<!-- Product Image -->\n\t\t\t<img \n\t\t\tclass=\"mx-auto w-auto h-48 lg:h-[18rem] object-cover\" \n\t\t\tsrc=\"https:\/\/hal-haliborange-production.s3.eu-west-2.amazonaws.com\/sites\/5\/2023\/09\/KALSIUM-CILEK-1-removebg-preview.png\" \n\t\t\twidth=\"464\" \n\t\t\theight=\"537\" \n\t\t\talt=\"Haliborange \u00c7ilek Aromal\u0131 Kalsiyum &amp; D Vitamini Softies\" \n\t\t\tloading=\"lazy\"\n\t\t>\n\t\n\n\t\n\t\t\t\t\n\t\n<\/div>\n\n\n<h2 class=\"woocommerce-loop-product__title font-bold text-blue-dark text-center flex-1\">\n\t\t\tHaliborange \u00c7ilek Aromal\u0131 Kalsiyum &amp; D Vitamini Softies\t\t\t\t<span class=\"block\">60 Adet<\/span>\n\t<\/h2>    <p class=\"woocommerce-product-details__age-range text-lg text-grey-dark text-center uppercase leading-tight\">\n        4-10 ya\u015f     <\/p>\n\t<\/a><a href=\"https:\/\/www.haliborange.com\/tr\/product\/haliborange-cilek-aromali-kalsiyum-d-vitamini-softies\/\" data-quantity=\"1\" class=\"button product_type_simple btn btn-primary block text-center my-2\" data-product_id=\"1878\" data-product_sku=\"\" aria-label=\"Read more about &ldquo;Haliborange \u00c7ilek Aromal\u0131 Kalsiyum &amp; D Vitamini Softies&rdquo;\" aria-describedby=\"\" rel=\"nofollow\">Quick buy<\/a><\/li>\n<li class=\"relative flex flex-col items-center shadow-none hover:shadow-lg duration-300 pb-6 product type-product post-1892 status-publish instock product_cat-multivitaminler product_cat-teens has-post-thumbnail shipping-taxable product-type-simple\">\n\t<a href=\"https:\/\/www.haliborange.com\/tr\/product\/haliborange-cilek-aromali-multivitamin-softies\/\" class=\"woocommerce-LoopProduct-link woocommerce-loop-product__link\">\n<div class=\"relative w-full pt-6 lg:pt-8 mb-2 lg:mb-4\">\n\t\n\t<!-- Product Image -->\n\t\t\t<img \n\t\t\tclass=\"mx-auto w-auto h-48 lg:h-[18rem] object-cover\" \n\t\t\tsrc=\"https:\/\/hal-haliborange-production.s3.eu-west-2.amazonaws.com\/sites\/5\/2023\/09\/CILEK-SOFTIES-1-removebg-preview.png\" \n\t\t\twidth=\"464\" \n\t\t\theight=\"537\" \n\t\t\talt=\"Haliborange \u00c7ilek Aromal\u0131 Multivitamin Softies\" \n\t\t\tloading=\"lazy\"\n\t\t>\n\t\n\n\t\t\t\t\t\t<div class=\"absolute w-20 md:w-24 bottom-0 -right-5 md:right-0\">\n\t\t\t\t<img \n\t\t\t\t\tclass=\"w-full\" \n\t\t\t\t\tsrc=\"https:\/\/hal-haliborange-production.s3.eu-west-2.amazonaws.com\/sites\/5\/2022\/03\/Strawberry-gummy-150x93.png\" \n\t\t\t\t\twidth=\"208\" \n\t\t\t\t\theight=\"129\" \n\t\t\t\t\talt=\"\" \n\t\t\t\t\tloading=\"lazy\"\n\t\t\t\t>\n\t\t\t<\/div>\n\t\t\t<div class=\"pb-2\"><\/div>\n\t\t\t\n\t\n\t\n<\/div>\n\n\n<h2 class=\"woocommerce-loop-product__title font-bold text-blue-dark text-center flex-1\">\n\t\t\tHaliborange \u00c7ilek Aromal\u0131 Multivitamin Softies\t\t\t\t<span class=\"block\">60 Adet<\/span>\n\t<\/h2>    <p class=\"woocommerce-product-details__age-range text-lg text-grey-dark text-center uppercase leading-tight\">\n        4-10 ya\u015f     <\/p>\n\t<\/a><a href=\"https:\/\/www.haliborange.com\/tr\/product\/haliborange-cilek-aromali-multivitamin-softies\/\" data-quantity=\"1\" class=\"button product_type_simple btn btn-primary block text-center my-2\" data-product_id=\"1892\" data-product_sku=\"\" aria-label=\"Read more about &ldquo;Haliborange \u00c7ilek Aromal\u0131 Multivitamin Softies&rdquo;\" aria-describedby=\"\" rel=\"nofollow\">Quick buy<\/a><\/li>\n<li class=\"relative flex flex-col items-center shadow-none hover:shadow-lg duration-300 pb-6 product type-product post-1883 status-publish instock product_cat-omega-3 product_cat-teens has-post-thumbnail shipping-taxable product-type-simple\">\n\t<a href=\"https:\/\/www.haliborange.com\/tr\/product\/1883\/\" class=\"woocommerce-LoopProduct-link woocommerce-loop-product__link\">\n<div class=\"relative w-full pt-6 lg:pt-8 mb-2 lg:mb-4\">\n\t\n\t<!-- Product Image -->\n\t\t\t<img \n\t\t\tclass=\"mx-auto w-auto h-48 lg:h-[18rem] object-cover\" \n\t\t\tsrc=\"https:\/\/hal-haliborange-production.s3.eu-west-2.amazonaws.com\/sites\/5\/2023\/09\/LIKIT-2-removebg-preview.png\" \n\t\t\twidth=\"464\" \n\t\t\theight=\"537\" \n\t\t\talt=\"Haliborange Portakal Aromal\u0131 Omega-3 Likit\" \n\t\t\tloading=\"lazy\"\n\t\t>\n\t\n\n\t\t\t\t\n\t\n\t\n<\/div>\n\n\n<h2 class=\"woocommerce-loop-product__title font-bold text-blue-dark text-center flex-1\">\n\t\t\tHaliborange Portakal Aromal\u0131 Omega-3 Likit\t\t\t\t<span class=\"block\">300 ml<\/span>\n\t<\/h2>    <p class=\"woocommerce-product-details__age-range text-lg text-grey-dark text-center uppercase leading-tight\">\n        4-10 ya\u015f     <\/p>\n\t<\/a><a href=\"https:\/\/www.haliborange.com\/tr\/product\/1883\/\" data-quantity=\"1\" class=\"button product_type_simple btn btn-primary block text-center my-2\" data-product_id=\"1883\" data-product_sku=\"\" aria-label=\"Read more about &ldquo;Haliborange Portakal Aromal\u0131 Omega-3 Likit&rdquo;\" aria-describedby=\"\" rel=\"nofollow\">Quick buy<\/a><\/li>\n<li class=\"relative flex flex-col items-center shadow-none hover:shadow-lg duration-300 pb-6 product type-product post-1895 status-publish last instock product_cat-multivitaminler product_cat-omega-3 product_cat-teens has-post-thumbnail shipping-taxable product-type-simple\">\n\t<a href=\"https:\/\/www.haliborange.com\/tr\/product\/haliborange-portakal-aromali-omega-3-destekli-multivitamin-softies\/\" class=\"woocommerce-LoopProduct-link woocommerce-loop-product__link\">\n<div class=\"relative w-full pt-6 lg:pt-8 mb-2 lg:mb-4\">\n\t\n\t<!-- Product Image -->\n\t\t\t<img \n\t\t\tclass=\"mx-auto w-auto h-48 lg:h-[18rem] object-cover\" \n\t\t\tsrc=\"https:\/\/hal-haliborange-production.s3.eu-west-2.amazonaws.com\/sites\/5\/2023\/09\/PORTAKAL-SOFTIES-1-removebg-preview.png\" \n\t\t\twidth=\"464\" \n\t\t\theight=\"537\" \n\t\t\talt=\"Haliborange Portakal Aromal\u0131 Omega-3 Destekli Multivitamin Softies\" \n\t\t\tloading=\"lazy\"\n\t\t>\n\t\n\n\t\n\t\t\t\t\n\t\n<\/div>\n\n\n<h2 class=\"woocommerce-loop-product__title font-bold text-blue-dark text-center flex-1\">\n\t\t\tHaliborange Portakal Aromal\u0131 Omega-3 Destekli Multivitamin Softies\t\t\t\t<span class=\"block\">60 Adet<\/span>\n\t<\/h2>    <p class=\"woocommerce-product-details__age-range text-lg text-grey-dark text-center uppercase leading-tight\">\n        4-10 ya\u015f     <\/p>\n\t<\/a><a href=\"https:\/\/www.haliborange.com\/tr\/product\/haliborange-portakal-aromali-omega-3-destekli-multivitamin-softies\/\" data-quantity=\"1\" class=\"button product_type_simple btn btn-primary block text-center my-2\" data-product_id=\"1895\" data-product_sku=\"\" aria-label=\"Read more about &ldquo;Haliborange Portakal Aromal\u0131 Omega-3 Destekli Multivitamin Softies&rdquo;\" aria-describedby=\"\" rel=\"nofollow\">Quick buy<\/a><\/li>\n<\/ul>\n","protected":false},"excerpt":{"rendered":"","protected":false},"author":1,"featured_media":0,"parent":0,"menu_order":0,"comment_status":"closed","ping_status":"closed","template":"","meta":{"_acf_changed":false,"footnotes":""},"acf":[],"yoast_head":"<!-- This site is optimized with the Yoast SEO plugin v21.9.1 - https:\/\/yoast.com\/wordpress\/plugins\/seo\/ -->\n<title>\u00c7OCUK - Haliborange - Turkey<\/title>\n<meta name=\"robots\" content=\"index, follow, max-snippet:-1, max-image-preview:large, max-video-preview:-1\" \/>\n<link rel=\"canonical\" href=\"https:\/\/www.haliborange.com\/tr\/cocuk\/\" \/>\n<meta property=\"og:locale\" content=\"en_GB\" \/>\n<meta property=\"og:type\" content=\"article\" \/>\n<meta property=\"og:title\" content=\"\u00c7OCUK - Haliborange - Turkey\" \/>\n<meta property=\"og:url\" content=\"https:\/\/www.haliborange.com\/tr\/cocuk\/\" \/>\n<meta property=\"og:site_name\" content=\"Haliborange - Turkey\" \/>\n<meta property=\"article:modified_time\" content=\"2023-11-23T08:19:24+00:00\" \/>\n<meta name=\"twitter:card\" content=\"summary_large_image\" \/>\n<script type=\"application\/ld+json\" class=\"yoast-schema-graph\">{\"@context\":\"https:\/\/schema.org\",\"@graph\":[{\"@type\":\"WebPage\",\"@id\":\"https:\/\/www.haliborange.com\/tr\/cocuk\/\",\"url\":\"https:\/\/www.haliborange.com\/tr\/cocuk\/\",\"name\":\"\u00c7OCUK - Haliborange - Turkey\",\"isPartOf\":{\"@id\":\"https:\/\/www.haliborange.com\/tr\/#website\"},\"datePublished\":\"2021-10-28T13:00:05+00:00\",\"dateModified\":\"2023-11-23T08:19:24+00:00\",\"breadcrumb\":{\"@id\":\"https:\/\/www.haliborange.com\/tr\/cocuk\/#breadcrumb\"},\"inLanguage\":\"en-GB\",\"potentialAction\":[{\"@type\":\"ReadAction\",\"target\":[\"https:\/\/www.haliborange.com\/tr\/cocuk\/\"]}]},{\"@type\":\"BreadcrumbList\",\"@id\":\"https:\/\/www.haliborange.com\/tr\/cocuk\/#breadcrumb\",\"itemListElement\":[{\"@type\":\"ListItem\",\"position\":1,\"name\":\"Home\",\"item\":\"https:\/\/www.haliborange.com\/tr\/\"},{\"@type\":\"ListItem\",\"position\":2,\"name\":\"\u00c7OCUK\"}]},{\"@type\":\"WebSite\",\"@id\":\"https:\/\/www.haliborange.com\/tr\/#website\",\"url\":\"https:\/\/www.haliborange.com\/tr\/\",\"name\":\"Haliborange - Turkey\",\"description\":\"Just another WordPress site\",\"potentialAction\":[{\"@type\":\"SearchAction\",\"target\":{\"@type\":\"EntryPoint\",\"urlTemplate\":\"https:\/\/www.haliborange.com\/tr\/?s={search_term_string}\"},\"query-input\":\"required name=search_term_string\"}],\"inLanguage\":\"en-GB\"}]}<\/script>\n<!-- \/ Yoast SEO plugin. -->","yoast_head_json":{"title":"\u00c7OCUK - Haliborange - Turkey","robots":{"index":"index","follow":"follow","max-snippet":"max-snippet:-1","max-image-preview":"max-image-preview:large","max-video-preview":"max-video-preview:-1"},"canonical":"https:\/\/www.haliborange.com\/tr\/cocuk\/","og_locale":"en_GB","og_type":"article","og_title":"\u00c7OCUK - Haliborange - Turkey","og_url":"https:\/\/www.haliborange.com\/tr\/cocuk\/","og_site_name":"Haliborange - Turkey","article_modified_time":"2023-11-23T08:19:24+00:00","twitter_card":"summary_large_image","schema":{"@context":"https:\/\/schema.org","@graph":[{"@type":"WebPage","@id":"https:\/\/www.haliborange.com\/tr\/cocuk\/","url":"https:\/\/www.haliborange.com\/tr\/cocuk\/","name":"\u00c7OCUK - Haliborange - Turkey","isPartOf":{"@id":"https:\/\/www.haliborange.com\/tr\/#website"},"datePublished":"2021-10-28T13:00:05+00:00","dateModified":"2023-11-23T08:19:24+00:00","breadcrumb":{"@id":"https:\/\/www.haliborange.com\/tr\/cocuk\/#breadcrumb"},"inLanguage":"en-GB","potentialAction":[{"@type":"ReadAction","target":["https:\/\/www.haliborange.com\/tr\/cocuk\/"]}]},{"@type":"BreadcrumbList","@id":"https:\/\/www.haliborange.com\/tr\/cocuk\/#breadcrumb","itemListElement":[{"@type":"ListItem","position":1,"name":"Home","item":"https:\/\/www.haliborange.com\/tr\/"},{"@type":"ListItem","position":2,"name":"\u00c7OCUK"}]},{"@type":"WebSite","@id":"https:\/\/www.haliborange.com\/tr\/#website","url":"https:\/\/www.haliborange.com\/tr\/","name":"Haliborange - Turkey","description":"Just another WordPress site","potentialAction":[{"@type":"SearchAction","target":{"@type":"EntryPoint","urlTemplate":"https:\/\/www.haliborange.com\/tr\/?s={search_term_string}"},"query-input":"required name=search_term_string"}],"inLanguage":"en-GB"}]}},"_links":{"self":[{"href":"https:\/\/www.haliborange.com\/tr\/wp-json\/wp\/v2\/pages\/57"}],"collection":[{"href":"https:\/\/www.haliborange.com\/tr\/wp-json\/wp\/v2\/pages"}],"about":[{"href":"https:\/\/www.haliborange.com\/tr\/wp-json\/wp\/v2\/types\/page"}],"author":[{"embeddable":true,"href":"https:\/\/www.haliborange.com\/tr\/wp-json\/wp\/v2\/users\/1"}],"replies":[{"embeddable":true,"href":"https:\/\/www.haliborange.com\/tr\/wp-json\/wp\/v2\/comments?post=57"}],"version-history":[{"count":98,"href":"https:\/\/www.haliborange.com\/tr\/wp-json\/wp\/v2\/pages\/57\/revisions"}],"predecessor-version":[{"id":2217,"href":"https:\/\/www.haliborange.com\/tr\/wp-json\/wp\/v2\/pages\/57\/revisions\/2217"}],"wp:attachment":[{"href":"https:\/\/www.haliborange.com\/tr\/wp-json\/wp\/v2\/media?parent=57"}],"curies":[{"name":"wp","href":"https:\/\/api.w.org\/{rel}","templated":true}]}}