{"id":59,"date":"2021-10-28T14:01:10","date_gmt":"2021-10-28T13:01:10","guid":{"rendered":"http:\/\/haliborange.test\/?page_id=59"},"modified":"2023-09-20T11:31:13","modified_gmt":"2023-09-20T10:31:13","slug":"adults","status":"publish","type":"page","link":"https:\/\/www.haliborange.com\/tr\/adults\/","title":{"rendered":"YET\u0130\u015eK\u0130N"},"content":{"rendered":"\n \n        \n        <!-- Default, Kids, Adults hero -->\n        <section class=\"font-poppins\">\n            <div class=\"relative\">\n                                    <img decoding=\"async\" \n                        class=\"w-full object-contain hidden md:block\" \n                        src=\"https:\/\/hal-haliborange-production.s3.eu-west-2.amazonaws.com\/sites\/5\/2022\/04\/Header-Adult-categorypage-smile.jpg\" \n                        width=\"2400\" \n                        height=\"1080\" \n                        alt=\"\" \n                        loading=\"lazy\"\n                    >\n                                                                    <img decoding=\"async\" \n                        class=\"md:hidden w-full object-contain\" \n                        src=\"https:\/\/hal-haliborange-production.s3.eu-west-2.amazonaws.com\/sites\/5\/2022\/04\/Header-Adult-categorypage-smile-500x225.jpg\" \n                        width=\"2400\" \n                        height=\"1080\" \n                        alt=\"\" \n                        loading=\"lazy\"\n                    >\n                                                    <div class=\"absolute top-1\/3 w-5\/12 right-0 -translate-y-1\/3\">\n                        <div class=\"max-w-md text-white\">\n                                                            <h1 class=\"hidden lg:block text-5xl leading-none relative font-semibold\"  style=\"color: #111c4e\" >\n                                    <span class=\"inline\">Yeti\u015fkin<\/span>\n                                                                    <\/h1>\n                                <h1 class=\"lg:hidden text-2xl sm:text-4xl md:text-5xl leading-none relative pr-8 font-semibold hidden\"  style=\"color: #ff4e00\" >\n                                    <span class=\"inline\">\n                                        Yeti\u015fkin                                    <\/span>\n                                                                    <\/h1>\n                                                                                        <div class=\"hidden lg:block text-lg pt-8 pr-16\"  style=\"color: #111c4e\" >\n                                    <p><strong>Yeti\u015fkinler i\u00e7in C vitamini: Haliborange Portakal Aromal\u0131 C Vitamini Efervesan!<\/strong><\/p>\n                                <\/div>\n                                                    <\/div>\n                    <\/div>\n                                \n            <\/div>\n    \n            <div class=\"text-center lg:text-left lg:pt-0 lg:hidden  pt-6\">\n                                                                                        <h1 class=\"lg:hidden leading-none text-2xl sm:text-4xl pb-2 px-4 sm:px-6 font-bold\"  style=\"color: #ff4e00\" >\n                                Yeti\u015fkin                            <\/h1>\n                                                                                \n                                    <div class=\"text-lg lg:hidden px-6\"  style=\"color: #505050\" >\n                        <p><strong>Yeti\u015fkinler i\u00e7in C vitamini: Haliborange Portakal Aromal\u0131 C Vitamini Efervesan!<\/strong><\/p>\n                    <\/div>\n                            <\/div>\n    \n        <\/section>\n\n\n    \n\n\n\n<ul \n\tclass=\"mx-auto grid grid-cols-2 gap-2 lg:gap-4 products products-loop py-6 md:py-12 px-3 sm:px-4 \n\t\tadults-products \n\t\tmd:grid-cols-3 max-w-5xl\t\"\n>\n<li class=\"relative flex flex-col items-center shadow-none hover:shadow-lg duration-300 pb-6 product type-product post-1889 status-publish first instock product_cat-efervesan product_cat-mr-men-little-miss has-post-thumbnail shipping-taxable product-type-simple\">\n\t<a href=\"https:\/\/www.haliborange.com\/tr\/product\/haliborange-portakal-aromali-c-vitamini-efervesan\/\" class=\"woocommerce-LoopProduct-link woocommerce-loop-product__link\">\n<div class=\"relative w-full pt-6 lg:pt-8 mb-2 lg:mb-4\">\n\t\n\t<!-- Product Image -->\n\t\t\t<img \n\t\t\tclass=\"mx-auto w-auto h-48 lg:h-[18rem] object-cover\" \n\t\t\tsrc=\"https:\/\/hal-haliborange-production.s3.eu-west-2.amazonaws.com\/sites\/5\/2023\/09\/EFERVESAN-1-removebg-preview.png\" \n\t\t\twidth=\"464\" \n\t\t\theight=\"537\" \n\t\t\talt=\"Haliborange Portakal Aromal\u0131 C Vitamini Efervesan\" \n\t\t\tloading=\"lazy\"\n\t\t>\n\t\n\n\t\t\t\t\t\t<div class=\"absolute w-20 md:w-24 bottom-0 -right-5 md:right-0\">\n\t\t\t\t<img \n\t\t\t\t\tclass=\"w-full\" \n\t\t\t\t\tsrc=\"https:\/\/hal-haliborange-production.s3.eu-west-2.amazonaws.com\/sites\/5\/2022\/02\/effervescent-tablet-150x150.png\" \n\t\t\t\t\twidth=\"620\" \n\t\t\t\t\theight=\"620\" \n\t\t\t\t\talt=\"\" \n\t\t\t\t\tloading=\"lazy\"\n\t\t\t\t>\n\t\t\t<\/div>\n\t\t\t<div class=\"pb-2\"><\/div>\n\t\t\t\n\t\n\t\n<\/div>\n\n\n<h2 class=\"woocommerce-loop-product__title font-bold text-blue-dark text-center flex-1\">\n\t\t\tHaliborange Portakal Aromal\u0131 C Vitamini Efervesan\t\t\t\t<span class=\"block\">20 Adet<\/span>\n\t<\/h2>\t<\/a><a href=\"https:\/\/www.haliborange.com\/tr\/product\/haliborange-portakal-aromali-c-vitamini-efervesan\/\" data-quantity=\"1\" class=\"button product_type_simple btn btn-primary block text-center my-2\" data-product_id=\"1889\" data-product_sku=\"\" aria-label=\"Read more about &ldquo;Haliborange Portakal Aromal\u0131 C Vitamini Efervesan&rdquo;\" aria-describedby=\"\" rel=\"nofollow\">Quick buy<\/a><\/li>\n<\/ul>\n\n\n<div class=\"max-w-6xl mx-auto px-6 lg:px-12 py-4 lg:py-6\">\n    <svg class=\"w-full h-2\" xmlns=\"http:\/\/www.w3.org\/2000\/svg\" viewBox=\"0 0 1095.422 9.891\" preserveAspectRatio=\"none\">\n        <path d=\"M1080.512 1.714c-19.831-.353-37.723-.353-57.311-.285-62.626.5-122.84 1.2-186.184 1.445-111.735.464-215.016-.527-325.453-.231-70.475.289-141-.171-208.684-1.4-7.788-.2-13.335-.747-22.8-1.019-6.16-.127-12.34-.254-18.191-.216-40.93.264-77.082 1.161-117.822 1.761-10.074.149-19.8.461-30.515.281-3.267-.146-5.2-.383-9.776-.436-33.154-.287-70.817.124-96.407 1.372l.727.034c-.193.01-.392.018-.587.027 1.648.074 3.147.158 4.592.24-3.814.086-7.8.224-12.1.434 4.875.219 8.5.528 13.011.582 22.775.27 46.507.283 65.7.992 27.357 1.072 48.256 2.6 80.788 3.311 40.357.9 83.5.292 126.678-.32 54.861-.687 103.288-.168 158.211-.107 32.476-.043 55.252.415 86.114.3 23.707.013 18.929-.64 33.922.339 7.276.572 20.807 1.036 34.117 1.076l1.667-.01 1.149.006c43.45-.249 82.375-.856 125.909-.969a4972.14 4972.14 0 0 1 17.309-.008c39.955.121 79.025 1.069 119.142.969 13.206-.03 26.616-.177 40.4-.513 52.961-1.267 90.752-2.643 142.487-4 4.866-.134 8.488-.265 11.743-.409 9.41-.3 18.764-.7 26.14-1.113 1.385-.078 1.766-.143 1.391-.2 2.214-.107 4.33-.216 6.3-.327a11.842 11.842 0 0 0 1.987-.2c5.021-.503-6.123-1.182-13.654-1.406Z\" fill=\"#ff4e00\" opacity=\".8\"\/>\n    <\/svg>\n<\/div>\n\n\n\n","protected":false},"excerpt":{"rendered":"","protected":false},"author":1,"featured_media":0,"parent":0,"menu_order":0,"comment_status":"closed","ping_status":"closed","template":"","meta":{"_acf_changed":false,"footnotes":""},"acf":[],"yoast_head":"<!-- This site is optimized with the Yoast SEO plugin v21.9.1 - https:\/\/yoast.com\/wordpress\/plugins\/seo\/ -->\n<title>YET\u0130\u015eK\u0130N - Haliborange - Turkey<\/title>\n<meta name=\"robots\" content=\"index, follow, max-snippet:-1, max-image-preview:large, max-video-preview:-1\" \/>\n<link rel=\"canonical\" href=\"https:\/\/www.haliborange.com\/tr\/adults\/\" \/>\n<meta property=\"og:locale\" content=\"en_GB\" \/>\n<meta property=\"og:type\" content=\"article\" \/>\n<meta property=\"og:title\" content=\"YET\u0130\u015eK\u0130N - Haliborange - Turkey\" \/>\n<meta property=\"og:url\" content=\"https:\/\/www.haliborange.com\/tr\/adults\/\" \/>\n<meta property=\"og:site_name\" content=\"Haliborange - Turkey\" \/>\n<meta property=\"article:modified_time\" content=\"2023-09-20T10:31:13+00:00\" \/>\n<meta name=\"twitter:card\" content=\"summary_large_image\" \/>\n<script type=\"application\/ld+json\" class=\"yoast-schema-graph\">{\"@context\":\"https:\/\/schema.org\",\"@graph\":[{\"@type\":\"WebPage\",\"@id\":\"https:\/\/www.haliborange.com\/tr\/adults\/\",\"url\":\"https:\/\/www.haliborange.com\/tr\/adults\/\",\"name\":\"YET\u0130\u015eK\u0130N - Haliborange - Turkey\",\"isPartOf\":{\"@id\":\"https:\/\/www.haliborange.com\/tr\/#website\"},\"datePublished\":\"2021-10-28T13:01:10+00:00\",\"dateModified\":\"2023-09-20T10:31:13+00:00\",\"breadcrumb\":{\"@id\":\"https:\/\/www.haliborange.com\/tr\/adults\/#breadcrumb\"},\"inLanguage\":\"en-GB\",\"potentialAction\":[{\"@type\":\"ReadAction\",\"target\":[\"https:\/\/www.haliborange.com\/tr\/adults\/\"]}]},{\"@type\":\"BreadcrumbList\",\"@id\":\"https:\/\/www.haliborange.com\/tr\/adults\/#breadcrumb\",\"itemListElement\":[{\"@type\":\"ListItem\",\"position\":1,\"name\":\"Home\",\"item\":\"https:\/\/www.haliborange.com\/tr\/\"},{\"@type\":\"ListItem\",\"position\":2,\"name\":\"YET\u0130\u015eK\u0130N\"}]},{\"@type\":\"WebSite\",\"@id\":\"https:\/\/www.haliborange.com\/tr\/#website\",\"url\":\"https:\/\/www.haliborange.com\/tr\/\",\"name\":\"Haliborange - Turkey\",\"description\":\"Just another WordPress site\",\"potentialAction\":[{\"@type\":\"SearchAction\",\"target\":{\"@type\":\"EntryPoint\",\"urlTemplate\":\"https:\/\/www.haliborange.com\/tr\/?s={search_term_string}\"},\"query-input\":\"required name=search_term_string\"}],\"inLanguage\":\"en-GB\"}]}<\/script>\n<!-- \/ Yoast SEO plugin. -->","yoast_head_json":{"title":"YET\u0130\u015eK\u0130N - Haliborange - Turkey","robots":{"index":"index","follow":"follow","max-snippet":"max-snippet:-1","max-image-preview":"max-image-preview:large","max-video-preview":"max-video-preview:-1"},"canonical":"https:\/\/www.haliborange.com\/tr\/adults\/","og_locale":"en_GB","og_type":"article","og_title":"YET\u0130\u015eK\u0130N - Haliborange - Turkey","og_url":"https:\/\/www.haliborange.com\/tr\/adults\/","og_site_name":"Haliborange - Turkey","article_modified_time":"2023-09-20T10:31:13+00:00","twitter_card":"summary_large_image","schema":{"@context":"https:\/\/schema.org","@graph":[{"@type":"WebPage","@id":"https:\/\/www.haliborange.com\/tr\/adults\/","url":"https:\/\/www.haliborange.com\/tr\/adults\/","name":"YET\u0130\u015eK\u0130N - Haliborange - Turkey","isPartOf":{"@id":"https:\/\/www.haliborange.com\/tr\/#website"},"datePublished":"2021-10-28T13:01:10+00:00","dateModified":"2023-09-20T10:31:13+00:00","breadcrumb":{"@id":"https:\/\/www.haliborange.com\/tr\/adults\/#breadcrumb"},"inLanguage":"en-GB","potentialAction":[{"@type":"ReadAction","target":["https:\/\/www.haliborange.com\/tr\/adults\/"]}]},{"@type":"BreadcrumbList","@id":"https:\/\/www.haliborange.com\/tr\/adults\/#breadcrumb","itemListElement":[{"@type":"ListItem","position":1,"name":"Home","item":"https:\/\/www.haliborange.com\/tr\/"},{"@type":"ListItem","position":2,"name":"YET\u0130\u015eK\u0130N"}]},{"@type":"WebSite","@id":"https:\/\/www.haliborange.com\/tr\/#website","url":"https:\/\/www.haliborange.com\/tr\/","name":"Haliborange - Turkey","description":"Just another WordPress site","potentialAction":[{"@type":"SearchAction","target":{"@type":"EntryPoint","urlTemplate":"https:\/\/www.haliborange.com\/tr\/?s={search_term_string}"},"query-input":"required name=search_term_string"}],"inLanguage":"en-GB"}]}},"_links":{"self":[{"href":"https:\/\/www.haliborange.com\/tr\/wp-json\/wp\/v2\/pages\/59"}],"collection":[{"href":"https:\/\/www.haliborange.com\/tr\/wp-json\/wp\/v2\/pages"}],"about":[{"href":"https:\/\/www.haliborange.com\/tr\/wp-json\/wp\/v2\/types\/page"}],"author":[{"embeddable":true,"href":"https:\/\/www.haliborange.com\/tr\/wp-json\/wp\/v2\/users\/1"}],"replies":[{"embeddable":true,"href":"https:\/\/www.haliborange.com\/tr\/wp-json\/wp\/v2\/comments?post=59"}],"version-history":[{"count":76,"href":"https:\/\/www.haliborange.com\/tr\/wp-json\/wp\/v2\/pages\/59\/revisions"}],"predecessor-version":[{"id":2056,"href":"https:\/\/www.haliborange.com\/tr\/wp-json\/wp\/v2\/pages\/59\/revisions\/2056"}],"wp:attachment":[{"href":"https:\/\/www.haliborange.com\/tr\/wp-json\/wp\/v2\/media?parent=59"}],"curies":[{"name":"wp","href":"https:\/\/api.w.org\/{rel}","templated":true}]}}