{"id":61,"date":"2021-10-28T14:01:38","date_gmt":"2021-10-28T13:01:38","guid":{"rendered":"http:\/\/haliborange.test\/?page_id=61"},"modified":"2023-12-19T07:52:23","modified_gmt":"2023-12-19T07:52:23","slug":"halib-hub","status":"publish","type":"page","link":"https:\/\/www.haliborange.com\/tr\/halib-hub\/","title":{"rendered":"Halib Hub"},"content":{"rendered":"\n    <section class=\"bg-orange-base pt-10 pb-8 md:pt-16 md:pb-12 lg:pt-20 lg:pb-16 overflow-hidden\">\n        \n        <div class=\"max-w-6xl mx-auto lg:px-8\">\n                            <h2 class=\"flex items-center justify-center text-center font-kabrio text-3xl md:text-4xl lg:text-5xl font-bold text-white leading-none px-6\">\n                \n                    <svg class=\"w-14 h-5\">\n                        <use xlink:href=\"https:\/\/www.haliborange.com\/app\/themes\/haliborange\/assets\/svgs\/svgs.svg#diamonds\"><\/use>\n                    <\/svg>\n                    \n                    <span class=\"px-3 md:px-8 -mb-2\">\n                        HalibHub                    <\/span>\n                    \n                    <svg class=\"w-14 h-5 rotate-180\">\n                        <use xlink:href=\"https:\/\/www.haliborange.com\/app\/themes\/haliborange\/assets\/svgs\/svgs.svg#diamonds\"><\/use>\n                    <\/svg>\n                \n                <\/h2>\n            \n                            <div class=\"pt-8 lg:pt-10 pb-4 md:pb-6 w-full flex items-center\" x-data=\"postSliderData\">\n\n                    \n                    <div class=\"max-w-5xl mx-auto min-w-0 flex-1\">\n                        <div x-ref=\"postSlider\" class=\"keen-slider post-slider\">\n                            \n                                                            \n                                <a href=\"https:\/\/www.haliborange.com\/tr\/the-importance-of-childrens-vitamin-b12\/\" class=\"keen-slider__slide relative  group\">\n                                    <div class=\"hvr-buzz-out py-3 sm:py-4 px-5 sm:px-6 w-full h-full\">\n                                        <div class=\"slide-bg absolute top-0 left-2 right-2 bottom-5 duration-150 drop-shadow-lg\">\n                                            <svg class=\"fill-current w-full h-full duration-150\">\n                                                <use xlink:href=\"https:\/\/www.haliborange.com\/app\/themes\/haliborange\/assets\/svgs\/svgs.svg#bg-child-cat-2\"><\/use>\n                                            <\/svg>\n                                        <\/div>\n                                        <div class=\"slide-text relative font-poppins pb-6 sm:pb-10 duration-150\">\n                                            <img decoding=\"async\" \n                                                class=\"w-full object-cover aspect-video mb-4 sm:mb-6\"\n                                                src=\"https:\/\/hal-haliborange-production.s3.eu-west-2.amazonaws.com\/sites\/5\/2022\/03\/shutterstock_1566183169-300x200.jpg\" \n                                                width=\"300\" \n                                                height=\"170\" \n                                                alt=\"\u00c7ocuklarda B12 Vitaminin \u00d6nemi\"\n                                                loading=\"lazy\"\n                                            >\n                                            <p class=\"text-lg md:text-xl font-semibold pb-3 px-1.5 sm:px-2 leading-none\">\n                                                \u00c7ocuklarda B12 Vitaminin \u00d6nemi                                            <\/p>\n                                            <div class=\"text-sm px-1.5 sm:px-2\">\n                                                B12 Vitamini merkezi sinir sistemi fonksiyonu, k\u0131rm\u0131z\u0131 kan h\u00fccrelerinin olu\u015fumu ve t\u00fcketti\u011fimiz besinlerin enerjiye d\u00f6n\u00fc\u015f\u00fcm\u00fc i\u00e7in \u00e7ok \u00f6nemlidir. Ayr\u0131ca genetik [&hellip;]                                            <\/div>\n                                        <\/div>\n                                    <\/div>\n                                <\/a>\n\n                                                            \n                                <a href=\"https:\/\/www.haliborange.com\/tr\/how-to-support-your-childrens-immune-system\/\" class=\"keen-slider__slide relative  group\">\n                                    <div class=\"hvr-buzz-out py-3 sm:py-4 px-5 sm:px-6 w-full h-full\">\n                                        <div class=\"slide-bg absolute top-0 left-2 right-2 bottom-5 duration-150 drop-shadow-lg\">\n                                            <svg class=\"fill-current w-full h-full duration-150\">\n                                                <use xlink:href=\"https:\/\/www.haliborange.com\/app\/themes\/haliborange\/assets\/svgs\/svgs.svg#bg-child-cat-1\"><\/use>\n                                            <\/svg>\n                                        <\/div>\n                                        <div class=\"slide-text relative font-poppins pb-6 sm:pb-10 duration-150\">\n                                            <img decoding=\"async\" \n                                                class=\"w-full object-cover aspect-video mb-4 sm:mb-6\"\n                                                src=\"https:\/\/hal-haliborange-production.s3.eu-west-2.amazonaws.com\/sites\/5\/2022\/03\/haliborange-how-to-support-your-childrens-immune-system-300x150.jpeg\" \n                                                width=\"300\" \n                                                height=\"170\" \n                                                alt=\"\u00c7ocuklar\u0131n\u0131z\u0131n Ba\u011f\u0131\u015f\u0131kl\u0131k Sistemini Nas\u0131l Desteklersiniz?\"\n                                                loading=\"lazy\"\n                                            >\n                                            <p class=\"text-lg md:text-xl font-semibold pb-3 px-1.5 sm:px-2 leading-none\">\n                                                \u00c7ocuklar\u0131n\u0131z\u0131n Ba\u011f\u0131\u015f\u0131kl\u0131k Sistemini Nas\u0131l Desteklersiniz?                                            <\/p>\n                                            <div class=\"text-sm px-1.5 sm:px-2\">\n                                                Mevsim de\u011fi\u015fiklikleri genellikle \u00e7ocuklarda burun ak\u0131nt\u0131s\u0131, \u00f6ks\u00fcr\u00fck, hap\u015f\u0131rma ve bo\u011fazda ka\u015f\u0131nt\u0131 semptomlar\u0131 ile so\u011fuk alg\u0131nl\u0131\u011f\u0131n\u0131n habercisi olabilir. Bu nedenle sonbahar [&hellip;]                                            <\/div>\n                                        <\/div>\n                                    <\/div>\n                                <\/a>\n\n                                                            \n                                <a href=\"https:\/\/www.haliborange.com\/tr\/why-is-it-important-for-children-to-eat-a-balanced-diet\/\" class=\"keen-slider__slide relative  group\">\n                                    <div class=\"hvr-buzz-out py-3 sm:py-4 px-5 sm:px-6 w-full h-full\">\n                                        <div class=\"slide-bg absolute top-0 left-2 right-2 bottom-5 duration-150 drop-shadow-lg\">\n                                            <svg class=\"fill-current w-full h-full duration-150\">\n                                                <use xlink:href=\"https:\/\/www.haliborange.com\/app\/themes\/haliborange\/assets\/svgs\/svgs.svg#bg-child-cat-2\"><\/use>\n                                            <\/svg>\n                                        <\/div>\n                                        <div class=\"slide-text relative font-poppins pb-6 sm:pb-10 duration-150\">\n                                            <img decoding=\"async\" \n                                                class=\"w-full object-cover aspect-video mb-4 sm:mb-6\"\n                                                src=\"https:\/\/hal-haliborange-production.s3.eu-west-2.amazonaws.com\/sites\/5\/2022\/04\/haliborange-why-is-it-important-for-children-to-eat-a-balanced-diet-300x150.jpeg\" \n                                                width=\"300\" \n                                                height=\"170\" \n                                                alt=\"Bu g\u00fcl\u00fcmsemenin arkas\u0131ndaki hik\u00e2yeyi biliyor musunuz?\"\n                                                loading=\"lazy\"\n                                            >\n                                            <p class=\"text-lg md:text-xl font-semibold pb-3 px-1.5 sm:px-2 leading-none\">\n                                                Bu g\u00fcl\u00fcmsemenin arkas\u0131ndaki hik\u00e2yeyi biliyor musunuz?                                            <\/p>\n                                            <div class=\"text-sm px-1.5 sm:px-2\">\n                                                Her \u015fey 1930 y\u0131l\u0131nda ba\u015flad\u0131\u2026 Haliborange adl\u0131 bir \u015firket, \u00e7ocuklara A, C ve D vitamini sa\u011flamak i\u00e7in yola \u00e7\u0131kt\u0131. Ve [&hellip;]                                            <\/div>\n                                        <\/div>\n                                    <\/div>\n                                <\/a>\n\n                                                    \n                        <\/div>\n                    <\/div>\n                    \n                    \n                                            \n                <\/div>\n            \n                            <div class=\"px-4 md:px-0\">\n                    <a href=\"https:\/\/www.haliborange.com\/tr\/halib-hub\/\" class=\"relative block w-fit mx-auto py-5 px-6 group text-center\" target=\"_self\">\n                        <div class=\"absolute inset-0 w-full h-full text-yellow duration-150 drop-shadow-xl\">\n                            <svg class=\"fill-current w-full h-full drop-shadow-md\">\n                                <use xlink:href=\"https:\/\/www.haliborange.com\/app\/themes\/haliborange\/assets\/svgs\/svgs.svg#default-button\"><\/use>\n                            <\/svg>\n                        <\/div>\n                        <span class=\"relative text-2xl font-kabrio text-white font-bold leading-none\">\n                            Daha fazla i\u00e7erik i\u00e7in t\u0131klay\u0131n                        <\/span>\n                    <\/a>\n                <\/div>\n                        \n        <\/div>\n\n    <\/section>\n            <script type=\"text\/javascript\" defer>\n            document.addEventListener('alpine:init', () => {\n                Alpine.data('postSliderData', () => ({\n                    slider: null,\n                    debounceFired: null,\n                    init() {\n                        this.slider = new KeenSlider(this.$refs.postSlider, \n                            { \n                                loop: true, \n                                slides: { \n                                    perView: 1.2,\n                                    origin: 'center',\n                                    disabled: false,\n                                },\n                                renderMode: 'custom',\n                                breakpoints: { \n                                    '(min-width: 768px)': {\n                                        slides: {\n                                            perView: 2,\n                                            origin: 'center',\n                                        },\n                                        renderMode: 'precision',\n                                        disabled: false,\n                                    },\n                                    '(min-width: 1024px)': { \n                                        slides: {\n                                            perView: 3,\n                                            spacing: 24,\n                                            origin: 'center',\n                                        },\n                                        renderMode: 'precision',\n                                        disabled: false,\n                                    } \n                                },\n                                created: (slider) => {\n                                        \n                                    slider.slides[slider.track.details.rel].classList.add(\"active\")\n                                    \n                                    \/\/ Start of slider\n                                    if (slider.track.details.rel == 0) {\n                                        slider.slides[(slider.track.details.rel + 2)].classList.add(\"prev-slide\")\n                                    }\n                                \n                                    if (3 > 1) {\n                                        slider.slides[(slider.track.details.rel + 1)].classList.add(\"next-slide\")\n                                    }\n\n                                },\n                                slideChanged: (slider) => {\n                                    \n                                    slider.slides.forEach((slide) => {\n                                        slide.classList.remove(\"active\")\n                                        slide.classList.remove(\"next-slide\")\n                                        slide.classList.remove(\"prev-slide\")\n                                    })\n                                    \n                                    slider.slides[slider.track.details.rel].classList.add(\"active\")\n\n                                    if (slider.track.details.rel == 0) {\n                                        slider.slides[(slider.track.details.rel + 2)].classList.add(\"prev-slide\")\n                                    } else {\n                                        slider.slides[(slider.track.details.rel - 1 )].classList.add(\"prev-slide\")\n                                    }\n                                    \n                                    \/\/ End of slider (before loop)\n                                    if (slider.track.details.rel == 2) {\n                                        slider.slides[slider.track.details.rel - 2].classList.add(\"next-slide\")\n                                    } else {   \n                                        slider.slides[slider.track.details.rel + 1].classList.add(\"next-slide\")\n                                    }\n                                \n                                },\n                                detailsChanged: (slider) => {\n                                    if (window.innerWidth < 768) {\n                                        let sizeSum = 0\n                                        const size = slider.size\n                                        const details = slider.track.details\n                                        const slides = details.slides\n                                        \n                                        slider.slides.forEach((element, idx) => {\n                                                \n                                            var slideSize = slides[idx].size * size\n                                            var slideSizePx = 0;\n                                            if (slideSize !== null) {\n                                                slideSizePx = slideSize + 'px'\n                                            } \n                                            element.style['min-width'] = slideSizePx\n                                            element.style['max-width'] = slideSizePx\n                                            \n                                            var offsetCorrection = slideSize \/ 12.5\n    \n                                            this.$refs.postSlider.style.transform = `translateX(${offsetCorrection}px)`\n                                            this.$refs.postSlider.style['-webkit-transform'] = `translateX(${offsetCorrection}px)`\n                                            \n                                            var Xvalue = slides[idx].distance * (slideSize \/ 5) - sizeSum\n    \n                                            var value = `translateX(${Xvalue}px)`\n                                            \n                                            element.style.transform = value\n                                            element.style['-webkit-transform'] = value\n                                            \n                                            sizeSum += slideSize\n                                            \n                                        })\n                                    } else {\n                                        this.$refs.postSlider.style.transform = `translateX(0)`\n                                        this.$refs.postSlider.style['-webkit-transform'] = `translateX(0)`\n                                    }\n                                }\n                            }\n                        )\n                        window.onresize = () => {\n                            this.slider.update()\n                        }\n                    }\n                }))\n            })\n        <\/script>\n    \n\n\n \n         \n        <!-- Homepage \/ About hero -->\n        <section class=\"relative\" >\n\n            <div class=\"w-full\">\n                <div class=\"text-center px-2 sm:px-6 lg:px-12 mx-auto max-w-2xl md:-mb-12 lg:-mb-24 xl:mb-[-7rem]\">\n                    <img decoding=\"async\" \n                        class=\"hidden md:block mx-auto md:w-64 -mt-4\" \n                        src=\"https:\/\/www.haliborange.com\/app\/themes\/haliborange\/assets\/logo.png\" \n                        width=\"340\" \n                        height=\"210\" \n                        alt=\"Logo\" \n                        loading=\"lazy\"\n                    >\n                                            <h1 class=\"hidden lg:block font-extrabold font-kabrio leading-tight text-3xl\"  style=\"color: #FFFFFF\" >\n                            HalibHub                        <\/h1>\n                        <h1 class=\"lg:hidden font-extrabold font-kabrio leading-tight text-2xl sm:text-3xl\"  style=\"color: #111C4E\" >\n                            HalibHub                        <\/h1>\n                                    <\/div>\n            <\/div>\n\n            \n            <svg class=\"relative -bottom-px\" viewBox=\"0 0 1199.94 213.46\">\n                <use xlink:href=\"https:\/\/www.haliborange.com\/app\/themes\/haliborange\/assets\/svgs\/svgs.svg#smile\"><\/use>\n            <\/svg>\n\n        <\/section>\n    \n    \n    \n\n","protected":false},"excerpt":{"rendered":"","protected":false},"author":1,"featured_media":0,"parent":0,"menu_order":0,"comment_status":"closed","ping_status":"closed","template":"","meta":{"_acf_changed":false,"footnotes":""},"acf":[],"yoast_head":"<!-- This site is optimized with the Yoast SEO plugin v21.9.1 - https:\/\/yoast.com\/wordpress\/plugins\/seo\/ -->\n<title>Halib Hub - Haliborange - Turkey<\/title>\n<meta name=\"robots\" content=\"index, follow, max-snippet:-1, max-image-preview:large, max-video-preview:-1\" \/>\n<link rel=\"canonical\" href=\"https:\/\/www.haliborange.com\/tr\/halib-hub\/\" \/>\n<meta property=\"og:locale\" content=\"en_GB\" \/>\n<meta property=\"og:type\" content=\"article\" \/>\n<meta property=\"og:title\" content=\"Halib Hub - Haliborange - Turkey\" \/>\n<meta property=\"og:url\" content=\"https:\/\/www.haliborange.com\/tr\/halib-hub\/\" \/>\n<meta property=\"og:site_name\" content=\"Haliborange - Turkey\" \/>\n<meta property=\"article:modified_time\" content=\"2023-12-19T07:52:23+00:00\" \/>\n<meta name=\"twitter:card\" content=\"summary_large_image\" \/>\n<script type=\"application\/ld+json\" class=\"yoast-schema-graph\">{\"@context\":\"https:\/\/schema.org\",\"@graph\":[{\"@type\":\"WebPage\",\"@id\":\"https:\/\/www.haliborange.com\/tr\/halib-hub\/\",\"url\":\"https:\/\/www.haliborange.com\/tr\/halib-hub\/\",\"name\":\"Halib Hub - Haliborange - Turkey\",\"isPartOf\":{\"@id\":\"https:\/\/www.haliborange.com\/tr\/#website\"},\"datePublished\":\"2021-10-28T13:01:38+00:00\",\"dateModified\":\"2023-12-19T07:52:23+00:00\",\"breadcrumb\":{\"@id\":\"https:\/\/www.haliborange.com\/tr\/halib-hub\/#breadcrumb\"},\"inLanguage\":\"en-GB\",\"potentialAction\":[{\"@type\":\"ReadAction\",\"target\":[\"https:\/\/www.haliborange.com\/tr\/halib-hub\/\"]}]},{\"@type\":\"BreadcrumbList\",\"@id\":\"https:\/\/www.haliborange.com\/tr\/halib-hub\/#breadcrumb\",\"itemListElement\":[{\"@type\":\"ListItem\",\"position\":1,\"name\":\"Home\",\"item\":\"https:\/\/www.haliborange.com\/tr\/\"},{\"@type\":\"ListItem\",\"position\":2,\"name\":\"Halib Hub\"}]},{\"@type\":\"WebSite\",\"@id\":\"https:\/\/www.haliborange.com\/tr\/#website\",\"url\":\"https:\/\/www.haliborange.com\/tr\/\",\"name\":\"Haliborange - Turkey\",\"description\":\"Just another WordPress site\",\"potentialAction\":[{\"@type\":\"SearchAction\",\"target\":{\"@type\":\"EntryPoint\",\"urlTemplate\":\"https:\/\/www.haliborange.com\/tr\/?s={search_term_string}\"},\"query-input\":\"required name=search_term_string\"}],\"inLanguage\":\"en-GB\"}]}<\/script>\n<!-- \/ Yoast SEO plugin. -->","yoast_head_json":{"title":"Halib Hub - Haliborange - Turkey","robots":{"index":"index","follow":"follow","max-snippet":"max-snippet:-1","max-image-preview":"max-image-preview:large","max-video-preview":"max-video-preview:-1"},"canonical":"https:\/\/www.haliborange.com\/tr\/halib-hub\/","og_locale":"en_GB","og_type":"article","og_title":"Halib Hub - Haliborange - Turkey","og_url":"https:\/\/www.haliborange.com\/tr\/halib-hub\/","og_site_name":"Haliborange - Turkey","article_modified_time":"2023-12-19T07:52:23+00:00","twitter_card":"summary_large_image","schema":{"@context":"https:\/\/schema.org","@graph":[{"@type":"WebPage","@id":"https:\/\/www.haliborange.com\/tr\/halib-hub\/","url":"https:\/\/www.haliborange.com\/tr\/halib-hub\/","name":"Halib Hub - Haliborange - Turkey","isPartOf":{"@id":"https:\/\/www.haliborange.com\/tr\/#website"},"datePublished":"2021-10-28T13:01:38+00:00","dateModified":"2023-12-19T07:52:23+00:00","breadcrumb":{"@id":"https:\/\/www.haliborange.com\/tr\/halib-hub\/#breadcrumb"},"inLanguage":"en-GB","potentialAction":[{"@type":"ReadAction","target":["https:\/\/www.haliborange.com\/tr\/halib-hub\/"]}]},{"@type":"BreadcrumbList","@id":"https:\/\/www.haliborange.com\/tr\/halib-hub\/#breadcrumb","itemListElement":[{"@type":"ListItem","position":1,"name":"Home","item":"https:\/\/www.haliborange.com\/tr\/"},{"@type":"ListItem","position":2,"name":"Halib Hub"}]},{"@type":"WebSite","@id":"https:\/\/www.haliborange.com\/tr\/#website","url":"https:\/\/www.haliborange.com\/tr\/","name":"Haliborange - Turkey","description":"Just another WordPress site","potentialAction":[{"@type":"SearchAction","target":{"@type":"EntryPoint","urlTemplate":"https:\/\/www.haliborange.com\/tr\/?s={search_term_string}"},"query-input":"required name=search_term_string"}],"inLanguage":"en-GB"}]}},"_links":{"self":[{"href":"https:\/\/www.haliborange.com\/tr\/wp-json\/wp\/v2\/pages\/61"}],"collection":[{"href":"https:\/\/www.haliborange.com\/tr\/wp-json\/wp\/v2\/pages"}],"about":[{"href":"https:\/\/www.haliborange.com\/tr\/wp-json\/wp\/v2\/types\/page"}],"author":[{"embeddable":true,"href":"https:\/\/www.haliborange.com\/tr\/wp-json\/wp\/v2\/users\/1"}],"replies":[{"embeddable":true,"href":"https:\/\/www.haliborange.com\/tr\/wp-json\/wp\/v2\/comments?post=61"}],"version-history":[{"count":30,"href":"https:\/\/www.haliborange.com\/tr\/wp-json\/wp\/v2\/pages\/61\/revisions"}],"predecessor-version":[{"id":2244,"href":"https:\/\/www.haliborange.com\/tr\/wp-json\/wp\/v2\/pages\/61\/revisions\/2244"}],"wp:attachment":[{"href":"https:\/\/www.haliborange.com\/tr\/wp-json\/wp\/v2\/media?parent=61"}],"curies":[{"name":"wp","href":"https:\/\/api.w.org\/{rel}","templated":true}]}}