{"id":95,"date":"2022-01-24T10:16:38","date_gmt":"2022-01-24T10:16:38","guid":{"rendered":"http:\/\/haliborange.test\/?page_id=95"},"modified":"2023-09-20T11:12:01","modified_gmt":"2023-09-20T10:12:01","slug":"sss","status":"publish","type":"page","link":"https:\/\/www.haliborange.com\/tr\/sss\/","title":{"rendered":"SSS"},"content":{"rendered":"\n \n        \n        <!-- Default, Kids, Adults hero -->\n        <section class=\"font-poppins\">\n            <div class=\"relative\">\n                                    <img decoding=\"async\" \n                        class=\"w-full object-contain hidden md:block\" \n                        src=\"https:\/\/hal-haliborange-production.s3.eu-west-2.amazonaws.com\/sites\/5\/2022\/03\/Header-FAQ.jpg\" \n                        width=\"2400\" \n                        height=\"1080\" \n                        alt=\"\" \n                        loading=\"lazy\"\n                    >\n                                                                    <img decoding=\"async\" \n                        class=\"md:hidden w-full object-contain\" \n                        src=\"https:\/\/hal-haliborange-production.s3.eu-west-2.amazonaws.com\/sites\/5\/2022\/02\/Header-template-MASTER-MOBILE-faqs.png\" \n                        width=\"500\" \n                        height=\"225\" \n                        alt=\"\" \n                        loading=\"lazy\"\n                    >\n                                                    <div class=\"absolute top-1\/3 w-5\/12 right-0 -translate-y-1\/3\">\n                        <div class=\"max-w-md text-white\">\n                                                            <h1 class=\"hidden lg:block text-5xl leading-none relative font-semibold\"  style=\"color: #FFFFFF\" >\n                                    <span class=\"inline\">S\u0131k\u00e7a Sorulan Sorular<\/span>\n                                                                    <\/h1>\n                                <h1 class=\"lg:hidden text-2xl sm:text-4xl md:text-5xl leading-none relative pr-8 font-semibold hidden\"  style=\"color: #111C4E\" >\n                                    <span class=\"inline\">\n                                        S\u0131k\u00e7a Sorulan Sorular                                    <\/span>\n                                                                    <\/h1>\n                                                                                <\/div>\n                    <\/div>\n                                \n            <\/div>\n    \n            <div class=\"text-center lg:text-left lg:pt-0 lg:hidden  pt-6\">\n                                                                                        <h1 class=\"lg:hidden leading-none text-2xl sm:text-4xl pb-2 px-4 sm:px-6 font-bold\"  style=\"color: #111C4E\" >\n                                S\u0131k\u00e7a Sorulan Sorular                            <\/h1>\n                                                                                \n                            <\/div>\n    \n        <\/section>\n\n\n    \n\n\n\n\n    <section class=\"max-w-6xl mx-auto px-4 sm:px-6 lg:px-10 py-6 sm:py-8 lg:py-16\">\n        \n                    <ul class=\"grid gap-y-4 lg:gap-y-6\" x-data=\"{ faq : null }\">\n                                    \n                    <li class=\"font-poppins\">\n                        \n                                                    <button class=\"w-full bg-orange-base text-white text-left pt-4 px-4 pb-3 lg:px-8 lg:py-6 leading-tight text-2xl font-semibold\" @click=\"if(faq == 0) { faq = null } else { faq = 0 }\">\n                                Normal beyin fonksiyonunun geli\u015fimi i\u00e7in \u00e7ocuklara ne verebiliriz?                            <\/button>\n                                                \n                                                    <div class=\"bg-transparent\" x-show=\"faq == 0\" x-collapse>\n                                <div class=\"prose max-w-none px-4 pt-4 lg:pt-6 pb-0 lg:px-8 text-grey-dark leading-tight text-lg\">\n                                    <p>Haliborange Portakal Aromal\u0131 Omega-3 Likit i\u00e7indeki DHA ve EPA de\u011ferleri ile \u00e7ocuklar\u0131n beyin fonksiyonlar\u0131n\u0131 desteklerken, i\u00e7eri\u011findeki A, C ve D vitaminleri ile \u00e7ocuklar\u0131n normal geli\u015fimine katk\u0131 sa\u011flar.<\/p>\n                                <\/div>\n                            <\/div>\n                        \n                    <\/li>\n                \n                                    \n                    <li class=\"font-poppins\">\n                        \n                                                    <button class=\"w-full bg-orange-base text-white text-left pt-4 px-4 pb-3 lg:px-8 lg:py-6 leading-tight text-2xl font-semibold\" @click=\"if(faq == 1) { faq = null } else { faq = 1 }\">\n                                Haliborange softies \u00fcr\u00fcnlerinin \u015feker ve glukoz \u015furubu kayna\u011f\u0131 nedir?                            <\/button>\n                                                \n                                                    <div class=\"bg-transparent\" x-show=\"faq == 1\" x-collapse>\n                                <div class=\"prose max-w-none px-4 pt-4 lg:pt-6 pb-0 lg:px-8 text-grey-dark leading-tight text-lg\">\n                                    <p>\u015eeker pancar\u0131ndan elde edilmi\u015f \u015feker, bu\u011fdaydan elde edilmi\u015f glukoz \u015furubu kullan\u0131lm\u0131\u015ft\u0131r.<\/p>\n                                <\/div>\n                            <\/div>\n                        \n                    <\/li>\n                \n                                    \n                    <li class=\"font-poppins\">\n                        \n                                                    <button class=\"w-full bg-orange-base text-white text-left pt-4 px-4 pb-3 lg:px-8 lg:py-6 leading-tight text-2xl font-semibold\" @click=\"if(faq == 2) { faq = null } else { faq = 2 }\">\n                                Haliborange vejetaryenler i\u00e7in uygun mudur?                            <\/button>\n                                                \n                                                    <div class=\"bg-transparent\" x-show=\"faq == 2\" x-collapse>\n                                <div class=\"prose max-w-none px-4 pt-4 lg:pt-6 pb-0 lg:px-8 text-grey-dark leading-tight text-lg\">\n                                    <p>Haliborange Portakal Aromal\u0131 C Vitamini Efervesan vejetaryenler i\u00e7in uygundur.<\/p>\n                                <\/div>\n                            <\/div>\n                        \n                    <\/li>\n                \n                                    \n                    <li class=\"font-poppins\">\n                        \n                                                    <button class=\"w-full bg-orange-base text-white text-left pt-4 px-4 pb-3 lg:px-8 lg:py-6 leading-tight text-2xl font-semibold\" @click=\"if(faq == 3) { faq = null } else { faq = 3 }\">\n                                Haliborange veganlar i\u00e7in uygun mudur?                            <\/button>\n                                                \n                                                    <div class=\"bg-transparent\" x-show=\"faq == 3\" x-collapse>\n                                <div class=\"prose max-w-none px-4 pt-4 lg:pt-6 pb-0 lg:px-8 text-grey-dark leading-tight text-lg\">\n                                    <p>Haliborange Portakal Aromal\u0131 C Vitamini Efervesan veganlar i\u00e7in uygundur.<\/p>\n                                <\/div>\n                            <\/div>\n                        \n                    <\/li>\n                \n                                    \n                    <li class=\"font-poppins\">\n                        \n                                                    <button class=\"w-full bg-orange-base text-white text-left pt-4 px-4 pb-3 lg:px-8 lg:py-6 leading-tight text-2xl font-semibold\" @click=\"if(faq == 4) { faq = null } else { faq = 4 }\">\n                                Haliborange softies \u00fcr\u00fcnlerinde kullan\u0131lan jelatin kayna\u011f\u0131 nedir?                            <\/button>\n                                                \n                                                    <div class=\"bg-transparent\" x-show=\"faq == 4\" x-collapse>\n                                <div class=\"prose max-w-none px-4 pt-4 lg:pt-6 pb-0 lg:px-8 text-grey-dark leading-tight text-lg\">\n                                    <p>Haliborange softies \u00fcr\u00fcnlerimizde s\u0131\u011f\u0131r jelatini kullan\u0131lm\u0131\u015ft\u0131r.<\/p>\n                                <\/div>\n                            <\/div>\n                        \n                    <\/li>\n                \n                                    \n                    <li class=\"font-poppins\">\n                        \n                                                    <button class=\"w-full bg-orange-base text-white text-left pt-4 px-4 pb-3 lg:px-8 lg:py-6 leading-tight text-2xl font-semibold\" @click=\"if(faq == 5) { faq = null } else { faq = 5 }\">\n                                Haliborange \u00fcr\u00fcnleri helal midir?                            <\/button>\n                                                \n                                                    <div class=\"bg-transparent\" x-show=\"faq == 5\" x-collapse>\n                                <div class=\"prose max-w-none px-4 pt-4 lg:pt-6 pb-0 lg:px-8 text-grey-dark leading-tight text-lg\">\n                                    <p>Haliborange \u00fcr\u00fcnlerimizin helal sertifikas\u0131 vard\u0131r.<\/p>\n                                <\/div>\n                            <\/div>\n                        \n                    <\/li>\n                \n                                    \n                    <li class=\"font-poppins\">\n                        \n                                                    <button class=\"w-full bg-orange-base text-white text-left pt-4 px-4 pb-3 lg:px-8 lg:py-6 leading-tight text-2xl font-semibold\" @click=\"if(faq == 6) { faq = null } else { faq = 6 }\">\n                                Haliborange gluten i\u00e7erir mi?                            <\/button>\n                                                \n                                                    <div class=\"bg-transparent\" x-show=\"faq == 6\" x-collapse>\n                                <div class=\"prose max-w-none px-4 pt-4 lg:pt-6 pb-0 lg:px-8 text-grey-dark leading-tight text-lg\">\n                                    <p>Haliborange serisindeki hi\u00e7bir \u00fcr\u00fcn gluten i\u00e7ermez.<\/p>\n                                <\/div>\n                            <\/div>\n                        \n                    <\/li>\n                \n                                    \n                    <li class=\"font-poppins\">\n                        \n                                                    <button class=\"w-full bg-orange-base text-white text-left pt-4 px-4 pb-3 lg:px-8 lg:py-6 leading-tight text-2xl font-semibold\" @click=\"if(faq == 7) { faq = null } else { faq = 7 }\">\n                                Ne kadar s\u00fcre alabilirim?                            <\/button>\n                                                \n                                                    <div class=\"bg-transparent\" x-show=\"faq == 7\" x-collapse>\n                                <div class=\"prose max-w-none px-4 pt-4 lg:pt-6 pb-0 lg:px-8 text-grey-dark leading-tight text-lg\">\n                                    <p>Softies ve t\u00fcm Haliborange \u00fcr\u00fcnleri uzun s\u00fcreli kullan\u0131labilir.<\/p>\n                                <\/div>\n                            <\/div>\n                        \n                    <\/li>\n                \n                                    \n                    <li class=\"font-poppins\">\n                        \n                                                    <button class=\"w-full bg-orange-base text-white text-left pt-4 px-4 pb-3 lg:px-8 lg:py-6 leading-tight text-2xl font-semibold\" @click=\"if(faq == 8) { faq = null } else { faq = 8 }\">\n                                Haliborange \u00fcr\u00fcnleri maya ve laktoz i\u00e7erir mi?                            <\/button>\n                                                \n                                                    <div class=\"bg-transparent\" x-show=\"faq == 8\" x-collapse>\n                                <div class=\"prose max-w-none px-4 pt-4 lg:pt-6 pb-0 lg:px-8 text-grey-dark leading-tight text-lg\">\n                                    <p>Haliborange serisindeki \u00fcr\u00fcnlerimiz maya ve laktoz i\u00e7ermez.<\/p>\n                                <\/div>\n                            <\/div>\n                        \n                    <\/li>\n                \n                                    \n                    <li class=\"font-poppins\">\n                        \n                                                    <button class=\"w-full bg-orange-base text-white text-left pt-4 px-4 pb-3 lg:px-8 lg:py-6 leading-tight text-2xl font-semibold\" @click=\"if(faq == 9) { faq = null } else { faq = 9 }\">\n                                Haliborange \u00fcr\u00fcnlerimiz yapay renklendirici veya tatland\u0131r\u0131c\u0131 i\u00e7erir mi?                            <\/button>\n                                                \n                                                    <div class=\"bg-transparent\" x-show=\"faq == 9\" x-collapse>\n                                <div class=\"prose max-w-none px-4 pt-4 lg:pt-6 pb-0 lg:px-8 text-grey-dark leading-tight text-lg\">\n                                    <p>Yapay renklendirici ve yapay tatland\u0131r\u0131c\u0131 i\u00e7ermez.<\/p>\n                                <\/div>\n                            <\/div>\n                        \n                    <\/li>\n                \n                                    \n                    <li class=\"font-poppins\">\n                        \n                                                    <button class=\"w-full bg-orange-base text-white text-left pt-4 px-4 pb-3 lg:px-8 lg:py-6 leading-tight text-2xl font-semibold\" @click=\"if(faq == 10) { faq = null } else { faq = 10 }\">\n                                Haliborange \u00fcr\u00fcnlerimiz pesketaryenler i\u00e7in uygun mudur?                            <\/button>\n                                                \n                                                    <div class=\"bg-transparent\" x-show=\"faq == 10\" x-collapse>\n                                <div class=\"prose max-w-none px-4 pt-4 lg:pt-6 pb-0 lg:px-8 text-grey-dark leading-tight text-lg\">\n                                    <p>\u00dcr\u00fcnlerimizden Omega-3 \u015eurup ve Vitamin C Efervesan pesketaryenler i\u00e7in uygundur.<\/p>\n                                <\/div>\n                            <\/div>\n                        \n                    <\/li>\n                \n                                    \n                    <li class=\"font-poppins\">\n                        \n                                                    <button class=\"w-full bg-orange-base text-white text-left pt-4 px-4 pb-3 lg:px-8 lg:py-6 leading-tight text-2xl font-semibold\" @click=\"if(faq == 11) { faq = null } else { faq = 11 }\">\n                                Haliborange \u00fcr\u00fcnleri kuruyemi\u015f alerjisi olan \u00e7ocuklar i\u00e7in kullan\u0131ma uygun mudur?                            <\/button>\n                                                \n                                                    <div class=\"bg-transparent\" x-show=\"faq == 11\" x-collapse>\n                                <div class=\"prose max-w-none px-4 pt-4 lg:pt-6 pb-0 lg:px-8 text-grey-dark leading-tight text-lg\">\n                                    <p>Haliborange serisindeki t\u00fcm \u00fcr\u00fcnler f\u0131nd\u0131k, yer f\u0131st\u0131\u011f\u0131 vb. kuruyemi\u015f \u00fcr\u00fcnleri i\u00e7ermez.<\/p>\n                                <\/div>\n                            <\/div>\n                        \n                    <\/li>\n                \n                                    \n                    <li class=\"font-poppins\">\n                        \n                                                    <button class=\"w-full bg-orange-base text-white text-left pt-4 px-4 pb-3 lg:px-8 lg:py-6 leading-tight text-2xl font-semibold\" @click=\"if(faq == 12) { faq = null } else { faq = 12 }\">\n                                Bir kez a\u00e7\u0131ld\u0131ktan sonra s\u0131v\u0131 veya softiesler ne kadar s\u00fcre dayan\u0131rlar? Ve a\u00e7\u0131ld\u0131ktan sonra \u00f6zel saklama ko\u015fullar\u0131 var m\u0131d\u0131r?                            <\/button>\n                                                \n                                                    <div class=\"bg-transparent\" x-show=\"faq == 12\" x-collapse>\n                                <div class=\"prose max-w-none px-4 pt-4 lg:pt-6 pb-0 lg:px-8 text-grey-dark leading-tight text-lg\">\n                                    <p>Kat\u0131 ve s\u0131v\u0131 formlar, tavsiye edilen t\u00fcketim tarihine kadar kullan\u0131labilir. Aksi belirtilmedik\u00e7e saklama ko\u015fullar\u0131 serin, kuru ve do\u011frudan g\u00fcne\u015f \u0131\u015f\u0131\u011f\u0131ndan uzak bir yerde olmal\u0131d\u0131r.<\/p>\n                                <\/div>\n                            <\/div>\n                        \n                    <\/li>\n                \n                            <\/ul>\n        \n            \n    <\/section>\n\n","protected":false},"excerpt":{"rendered":"","protected":false},"author":1,"featured_media":0,"parent":0,"menu_order":0,"comment_status":"closed","ping_status":"closed","template":"","meta":{"_acf_changed":false,"footnotes":""},"acf":[],"yoast_head":"<!-- This site is optimized with the Yoast SEO plugin v21.9.1 - https:\/\/yoast.com\/wordpress\/plugins\/seo\/ -->\n<title>SSS - Haliborange - Turkey<\/title>\n<meta name=\"robots\" content=\"index, follow, max-snippet:-1, max-image-preview:large, max-video-preview:-1\" \/>\n<link rel=\"canonical\" href=\"https:\/\/www.haliborange.com\/tr\/sss\/\" \/>\n<meta property=\"og:locale\" content=\"en_GB\" \/>\n<meta property=\"og:type\" content=\"article\" \/>\n<meta property=\"og:title\" content=\"SSS - Haliborange - Turkey\" \/>\n<meta property=\"og:url\" content=\"https:\/\/www.haliborange.com\/tr\/sss\/\" \/>\n<meta property=\"og:site_name\" content=\"Haliborange - Turkey\" \/>\n<meta property=\"article:modified_time\" content=\"2023-09-20T10:12:01+00:00\" \/>\n<meta name=\"twitter:card\" content=\"summary_large_image\" \/>\n<script type=\"application\/ld+json\" class=\"yoast-schema-graph\">{\"@context\":\"https:\/\/schema.org\",\"@graph\":[{\"@type\":\"WebPage\",\"@id\":\"https:\/\/www.haliborange.com\/tr\/sss\/\",\"url\":\"https:\/\/www.haliborange.com\/tr\/sss\/\",\"name\":\"SSS - Haliborange - Turkey\",\"isPartOf\":{\"@id\":\"https:\/\/www.haliborange.com\/tr\/#website\"},\"datePublished\":\"2022-01-24T10:16:38+00:00\",\"dateModified\":\"2023-09-20T10:12:01+00:00\",\"breadcrumb\":{\"@id\":\"https:\/\/www.haliborange.com\/tr\/sss\/#breadcrumb\"},\"inLanguage\":\"en-GB\",\"potentialAction\":[{\"@type\":\"ReadAction\",\"target\":[\"https:\/\/www.haliborange.com\/tr\/sss\/\"]}]},{\"@type\":\"BreadcrumbList\",\"@id\":\"https:\/\/www.haliborange.com\/tr\/sss\/#breadcrumb\",\"itemListElement\":[{\"@type\":\"ListItem\",\"position\":1,\"name\":\"Home\",\"item\":\"https:\/\/www.haliborange.com\/tr\/\"},{\"@type\":\"ListItem\",\"position\":2,\"name\":\"SSS\"}]},{\"@type\":\"WebSite\",\"@id\":\"https:\/\/www.haliborange.com\/tr\/#website\",\"url\":\"https:\/\/www.haliborange.com\/tr\/\",\"name\":\"Haliborange - Turkey\",\"description\":\"Just another WordPress site\",\"potentialAction\":[{\"@type\":\"SearchAction\",\"target\":{\"@type\":\"EntryPoint\",\"urlTemplate\":\"https:\/\/www.haliborange.com\/tr\/?s={search_term_string}\"},\"query-input\":\"required name=search_term_string\"}],\"inLanguage\":\"en-GB\"}]}<\/script>\n<!-- \/ Yoast SEO plugin. -->","yoast_head_json":{"title":"SSS - Haliborange - Turkey","robots":{"index":"index","follow":"follow","max-snippet":"max-snippet:-1","max-image-preview":"max-image-preview:large","max-video-preview":"max-video-preview:-1"},"canonical":"https:\/\/www.haliborange.com\/tr\/sss\/","og_locale":"en_GB","og_type":"article","og_title":"SSS - Haliborange - Turkey","og_url":"https:\/\/www.haliborange.com\/tr\/sss\/","og_site_name":"Haliborange - Turkey","article_modified_time":"2023-09-20T10:12:01+00:00","twitter_card":"summary_large_image","schema":{"@context":"https:\/\/schema.org","@graph":[{"@type":"WebPage","@id":"https:\/\/www.haliborange.com\/tr\/sss\/","url":"https:\/\/www.haliborange.com\/tr\/sss\/","name":"SSS - Haliborange - Turkey","isPartOf":{"@id":"https:\/\/www.haliborange.com\/tr\/#website"},"datePublished":"2022-01-24T10:16:38+00:00","dateModified":"2023-09-20T10:12:01+00:00","breadcrumb":{"@id":"https:\/\/www.haliborange.com\/tr\/sss\/#breadcrumb"},"inLanguage":"en-GB","potentialAction":[{"@type":"ReadAction","target":["https:\/\/www.haliborange.com\/tr\/sss\/"]}]},{"@type":"BreadcrumbList","@id":"https:\/\/www.haliborange.com\/tr\/sss\/#breadcrumb","itemListElement":[{"@type":"ListItem","position":1,"name":"Home","item":"https:\/\/www.haliborange.com\/tr\/"},{"@type":"ListItem","position":2,"name":"SSS"}]},{"@type":"WebSite","@id":"https:\/\/www.haliborange.com\/tr\/#website","url":"https:\/\/www.haliborange.com\/tr\/","name":"Haliborange - Turkey","description":"Just another WordPress site","potentialAction":[{"@type":"SearchAction","target":{"@type":"EntryPoint","urlTemplate":"https:\/\/www.haliborange.com\/tr\/?s={search_term_string}"},"query-input":"required name=search_term_string"}],"inLanguage":"en-GB"}]}},"_links":{"self":[{"href":"https:\/\/www.haliborange.com\/tr\/wp-json\/wp\/v2\/pages\/95"}],"collection":[{"href":"https:\/\/www.haliborange.com\/tr\/wp-json\/wp\/v2\/pages"}],"about":[{"href":"https:\/\/www.haliborange.com\/tr\/wp-json\/wp\/v2\/types\/page"}],"author":[{"embeddable":true,"href":"https:\/\/www.haliborange.com\/tr\/wp-json\/wp\/v2\/users\/1"}],"replies":[{"embeddable":true,"href":"https:\/\/www.haliborange.com\/tr\/wp-json\/wp\/v2\/comments?post=95"}],"version-history":[{"count":37,"href":"https:\/\/www.haliborange.com\/tr\/wp-json\/wp\/v2\/pages\/95\/revisions"}],"predecessor-version":[{"id":2028,"href":"https:\/\/www.haliborange.com\/tr\/wp-json\/wp\/v2\/pages\/95\/revisions\/2028"}],"wp:attachment":[{"href":"https:\/\/www.haliborange.com\/tr\/wp-json\/wp\/v2\/media?parent=95"}],"curies":[{"name":"wp","href":"https:\/\/api.w.org\/{rel}","templated":true}]}}